{"id":5137,"date":"2025-11-24T07:35:56","date_gmt":"2025-11-24T06:35:56","guid":{"rendered":"https:\/\/fondazione.cc\/?page_id=5137"},"modified":"2026-02-13T10:50:17","modified_gmt":"2026-02-13T09:50:17","slug":"deversoirs","status":"publish","type":"page","link":"https:\/\/fondazione.cc\/fr\/deversoirs\/","title":{"rendered":"DEVERSOIRS"},"content":{"rendered":"\n<h5 class=\"wp-block-heading has-text-align-left\" style=\"padding-top:0;padding-right:0;padding-bottom:0;padding-left:0;font-size:2.2rem\"><br>Les D\u00e9versoirs font entrer la performance dans l&rsquo;espace intime du Picardeau.<\/h5>\n\n\n\n<p>Les D\u00e9versoirs sont des \u00e9v\u00e9nements performatifs programm\u00e9s le dimanche dans le jardin ou parmi les tables du bar-restaurant Le Picardeau, si\u00e8ge de la Fondazione. Con\u00e7us comme des moments de partage et de fluidit\u00e9 cr\u00e9ative, Les D\u00e9versoirs combinent cin\u00e9ma, performance, musique et po\u00e9sie et offrent une plong\u00e9e \u00e9ph\u00e9m\u00e8re dans les univers singuliers des artistes. Dans le cadre intimiste du Picardeau, les artistes en viennent \u00e0 partager leurs recherches et leur processus artistiques, faisant des D\u00e9versoirs des moments de proximit\u00e9 avec le public et de d\u00e9bordements improvis\u00e9s.<\/p>\n\n\n\n<p>Les\u00a0<em>D\u00e9ver<\/em>soirs sont port\u00e9s par l\u2019association\u00a0<em>Les Amis de la\u00a0Fondazione Claudia Cardinale<\/em>. Elle \u0153uvre aux c\u00f4t\u00e9s de la\u00a0Fondazione\u00a0pour\u00a0d\u00e9velopper\u00a0des projets artistiques et culturels qui favorisent le lien social\u00a0pour et\u00a0avec les habitants du territoire de Nemours et du Sud Seine-et-Marne.<\/p>\n\n\n\n<hr class=\"wp-block-separator has-alpha-channel-opacity is-style-wide\"\/>\n\n\n\n<div class=\"wp-block-query is-layout-flow wp-block-query-is-layout-flow\"><ul class=\"columns-7 wp-block-post-template is-layout-grid wp-container-core-post-template-is-layout-68cdb844 wp-block-post-template-is-layout-grid\"><li class=\"wp-block-post post-5265 post type-post status-publish format-standard has-post-thumbnail hentry category-deversoirs-fr\">\n<figure class=\"wp-block-post-featured-image\"><a href=\"https:\/\/fondazione.cc\/fr\/deversoirs-fr\/deversoirs-8\/\" target=\"_self\"  ><img data-recalc-dims=\"1\" loading=\"lazy\" decoding=\"async\" width=\"1252\" height=\"800\" src=\"https:\/\/i0.wp.com\/fondazione.cc\/fcc\/wp-content\/uploads\/2026\/01\/f_002-virginia-e1768291589259.jpg?resize=1252%2C800&#038;ssl=1\" class=\"attachment-post-thumbnail size-post-thumbnail wp-post-image\" alt=\"Deversoirs #8\" style=\"border-radius:100%;object-fit:cover;\" data-attachment-id=\"5264\" data-permalink=\"https:\/\/fondazione.cc\/fr\/f_002-virginia-2\/\" data-orig-file=\"https:\/\/i0.wp.com\/fondazione.cc\/fcc\/wp-content\/uploads\/2026\/01\/f_002-virginia-e1768291589259.jpg?fit=1252%2C800&amp;ssl=1\" data-orig-size=\"1252,800\" data-comments-opened=\"1\" data-image-meta=\"{&quot;aperture&quot;:&quot;0&quot;,&quot;credit&quot;:&quot;&quot;,&quot;camera&quot;:&quot;&quot;,&quot;caption&quot;:&quot;&quot;,&quot;created_timestamp&quot;:&quot;0&quot;,&quot;copyright&quot;:&quot;FVB&quot;,&quot;focal_length&quot;:&quot;0&quot;,&quot;iso&quot;:&quot;0&quot;,&quot;shutter_speed&quot;:&quot;0&quot;,&quot;title&quot;:&quot;&quot;,&quot;orientation&quot;:&quot;0&quot;}\" data-image-title=\"f_002-virginia\" data-image-description=\"\" data-image-caption=\"&lt;p&gt;Image de la vid\u00e9o Virginia&lt;\/p&gt;\n\" data-large-file=\"https:\/\/i0.wp.com\/fondazione.cc\/fcc\/wp-content\/uploads\/2026\/01\/f_002-virginia-e1768291589259.jpg?fit=1024%2C654&amp;ssl=1\" \/><\/a><\/figure>\n\n<h5 style=\"font-size:1.3rem;\" class=\"has-text-align-center wp-block-post-title\"><a href=\"https:\/\/fondazione.cc\/fr\/deversoirs-fr\/deversoirs-8\/\" target=\"_self\" >Deversoirs #8<\/a><\/h5>\n<\/li><li class=\"wp-block-post post-5110 post type-post status-publish format-standard has-post-thumbnail hentry category-deversoirs-fr\">\n<figure class=\"wp-block-post-featured-image\"><a href=\"https:\/\/fondazione.cc\/fr\/deversoirs-fr\/deversoir-7\/\" target=\"_self\"  ><img data-recalc-dims=\"1\" loading=\"lazy\" decoding=\"async\" width=\"1788\" height=\"1078\" src=\"https:\/\/i0.wp.com\/fondazione.cc\/fcc\/wp-content\/uploads\/2025\/11\/7.png?resize=1788%2C1078&#038;ssl=1\" class=\"attachment-post-thumbnail size-post-thumbnail wp-post-image\" alt=\"Deversoirs #7\" style=\"border-radius:100%;object-fit:cover;\" srcset=\"https:\/\/i0.wp.com\/fondazione.cc\/fcc\/wp-content\/uploads\/2025\/11\/7.png?w=1788&amp;ssl=1 1788w, https:\/\/i0.wp.com\/fondazione.cc\/fcc\/wp-content\/uploads\/2025\/11\/7.png?resize=300%2C181&amp;ssl=1 300w, https:\/\/i0.wp.com\/fondazione.cc\/fcc\/wp-content\/uploads\/2025\/11\/7.png?resize=1024%2C617&amp;ssl=1 1024w, https:\/\/i0.wp.com\/fondazione.cc\/fcc\/wp-content\/uploads\/2025\/11\/7.png?resize=768%2C463&amp;ssl=1 768w, https:\/\/i0.wp.com\/fondazione.cc\/fcc\/wp-content\/uploads\/2025\/11\/7.png?resize=1536%2C926&amp;ssl=1 1536w\" sizes=\"auto, (max-width: 1000px) 100vw, 1000px\" data-attachment-id=\"5055\" data-permalink=\"https:\/\/fondazione.cc\/fr\/7-2\/\" data-orig-file=\"https:\/\/i0.wp.com\/fondazione.cc\/fcc\/wp-content\/uploads\/2025\/11\/7.png?fit=1788%2C1078&amp;ssl=1\" data-orig-size=\"1788,1078\" data-comments-opened=\"1\" data-image-meta=\"{&quot;aperture&quot;:&quot;0&quot;,&quot;credit&quot;:&quot;&quot;,&quot;camera&quot;:&quot;&quot;,&quot;caption&quot;:&quot;&quot;,&quot;created_timestamp&quot;:&quot;0&quot;,&quot;copyright&quot;:&quot;&quot;,&quot;focal_length&quot;:&quot;0&quot;,&quot;iso&quot;:&quot;0&quot;,&quot;shutter_speed&quot;:&quot;0&quot;,&quot;title&quot;:&quot;&quot;,&quot;orientation&quot;:&quot;0&quot;}\" data-image-title=\"#7\" data-image-description=\"\" data-image-caption=\"&lt;p&gt;Claire Spangaro (voix, violoncelle), Jos\u00e9phine Lazzarino (voix, percussion), Morena Campani (voix, guitare)&lt;\/p&gt;\n\" data-large-file=\"https:\/\/i0.wp.com\/fondazione.cc\/fcc\/wp-content\/uploads\/2025\/11\/7.png?fit=1024%2C617&amp;ssl=1\" \/><\/a><\/figure>\n\n<h5 style=\"font-size:1.3rem;\" class=\"has-text-align-center wp-block-post-title\"><a href=\"https:\/\/fondazione.cc\/fr\/deversoirs-fr\/deversoir-7\/\" target=\"_self\" >Deversoirs #7<\/a><\/h5>\n<\/li><li class=\"wp-block-post post-5057 post type-post status-publish format-standard has-post-thumbnail hentry category-deversoirs-fr\">\n<figure class=\"wp-block-post-featured-image\"><a href=\"https:\/\/fondazione.cc\/fr\/deversoirs-fr\/deversoir-6\/\" target=\"_self\"  ><img data-recalc-dims=\"1\" loading=\"lazy\" decoding=\"async\" width=\"1576\" height=\"912\" src=\"https:\/\/i0.wp.com\/fondazione.cc\/fcc\/wp-content\/uploads\/2025\/11\/Capture-decran-2025-11-24-a-12.01.52.png?resize=1576%2C912&#038;ssl=1\" class=\"attachment-post-thumbnail size-post-thumbnail wp-post-image\" alt=\"Deversoirs #6\" style=\"border-radius:100%;object-fit:cover;\" srcset=\"https:\/\/i0.wp.com\/fondazione.cc\/fcc\/wp-content\/uploads\/2025\/11\/Capture-decran-2025-11-24-a-12.01.52.png?w=1576&amp;ssl=1 1576w, https:\/\/i0.wp.com\/fondazione.cc\/fcc\/wp-content\/uploads\/2025\/11\/Capture-decran-2025-11-24-a-12.01.52.png?resize=300%2C174&amp;ssl=1 300w, https:\/\/i0.wp.com\/fondazione.cc\/fcc\/wp-content\/uploads\/2025\/11\/Capture-decran-2025-11-24-a-12.01.52.png?resize=1024%2C593&amp;ssl=1 1024w, https:\/\/i0.wp.com\/fondazione.cc\/fcc\/wp-content\/uploads\/2025\/11\/Capture-decran-2025-11-24-a-12.01.52.png?resize=768%2C444&amp;ssl=1 768w, https:\/\/i0.wp.com\/fondazione.cc\/fcc\/wp-content\/uploads\/2025\/11\/Capture-decran-2025-11-24-a-12.01.52.png?resize=1536%2C889&amp;ssl=1 1536w\" sizes=\"auto, (max-width: 1000px) 100vw, 1000px\" data-attachment-id=\"5059\" data-permalink=\"https:\/\/fondazione.cc\/fr\/deversoirs-fr\/deversoir-6\/attachment\/capture-decran-2025-11-24-a-12-01-52\/\" data-orig-file=\"https:\/\/i0.wp.com\/fondazione.cc\/fcc\/wp-content\/uploads\/2025\/11\/Capture-decran-2025-11-24-a-12.01.52.png?fit=1576%2C912&amp;ssl=1\" data-orig-size=\"1576,912\" data-comments-opened=\"1\" data-image-meta=\"{&quot;aperture&quot;:&quot;0&quot;,&quot;credit&quot;:&quot;&quot;,&quot;camera&quot;:&quot;&quot;,&quot;caption&quot;:&quot;&quot;,&quot;created_timestamp&quot;:&quot;0&quot;,&quot;copyright&quot;:&quot;&quot;,&quot;focal_length&quot;:&quot;0&quot;,&quot;iso&quot;:&quot;0&quot;,&quot;shutter_speed&quot;:&quot;0&quot;,&quot;title&quot;:&quot;&quot;,&quot;orientation&quot;:&quot;0&quot;}\" data-image-title=\"Capture d\u2019e\u0301cran 2025-11-24 a\u0300 12.01.52\" data-image-description=\"\" data-image-caption=\"&lt;p&gt;Per Idioten&lt;\/p&gt;\n\" data-large-file=\"https:\/\/i0.wp.com\/fondazione.cc\/fcc\/wp-content\/uploads\/2025\/11\/Capture-decran-2025-11-24-a-12.01.52.png?fit=1024%2C593&amp;ssl=1\" \/><\/a><\/figure>\n\n<h5 style=\"font-size:1.3rem;\" class=\"has-text-align-center wp-block-post-title\"><a href=\"https:\/\/fondazione.cc\/fr\/deversoirs-fr\/deversoir-6\/\" target=\"_self\" >Deversoirs #6<\/a><\/h5>\n<\/li><li class=\"wp-block-post post-5102 post type-post status-publish format-standard has-post-thumbnail hentry category-deversoirs-fr\">\n<figure class=\"wp-block-post-featured-image\"><a href=\"https:\/\/fondazione.cc\/fr\/deversoirs-fr\/deversoir-5\/\" target=\"_self\"  ><img data-recalc-dims=\"1\" loading=\"lazy\" decoding=\"async\" width=\"2560\" height=\"1685\" src=\"https:\/\/i0.wp.com\/fondazione.cc\/fcc\/wp-content\/uploads\/2025\/11\/MOM2990-copy-scaled.jpg?resize=2560%2C1685&#038;ssl=1\" class=\"attachment-post-thumbnail size-post-thumbnail wp-post-image\" alt=\"Deversoirs #5\" style=\"border-radius:100%;object-fit:cover;\" srcset=\"https:\/\/i0.wp.com\/fondazione.cc\/fcc\/wp-content\/uploads\/2025\/11\/MOM2990-copy-scaled.jpg?w=2560&amp;ssl=1 2560w, https:\/\/i0.wp.com\/fondazione.cc\/fcc\/wp-content\/uploads\/2025\/11\/MOM2990-copy-scaled.jpg?resize=300%2C197&amp;ssl=1 300w, https:\/\/i0.wp.com\/fondazione.cc\/fcc\/wp-content\/uploads\/2025\/11\/MOM2990-copy-scaled.jpg?resize=1024%2C674&amp;ssl=1 1024w, https:\/\/i0.wp.com\/fondazione.cc\/fcc\/wp-content\/uploads\/2025\/11\/MOM2990-copy-scaled.jpg?resize=768%2C506&amp;ssl=1 768w, https:\/\/i0.wp.com\/fondazione.cc\/fcc\/wp-content\/uploads\/2025\/11\/MOM2990-copy-scaled.jpg?resize=1536%2C1011&amp;ssl=1 1536w, https:\/\/i0.wp.com\/fondazione.cc\/fcc\/wp-content\/uploads\/2025\/11\/MOM2990-copy-scaled.jpg?resize=2048%2C1348&amp;ssl=1 2048w\" sizes=\"auto, (max-width: 1000px) 100vw, 1000px\" data-attachment-id=\"5001\" data-permalink=\"https:\/\/fondazione.cc\/fr\/deversoirs-fr\/deversoir-5\/attachment\/_mom2990-copy-2\/\" data-orig-file=\"https:\/\/i0.wp.com\/fondazione.cc\/fcc\/wp-content\/uploads\/2025\/11\/MOM2990-copy-scaled.jpg?fit=2560%2C1685&amp;ssl=1\" data-orig-size=\"2560,1685\" data-comments-opened=\"1\" data-image-meta=\"{&quot;aperture&quot;:&quot;3.2&quot;,&quot;credit&quot;:&quot;&quot;,&quot;camera&quot;:&quot;NIKON D800&quot;,&quot;caption&quot;:&quot;&quot;,&quot;created_timestamp&quot;:&quot;1743355878&quot;,&quot;copyright&quot;:&quot;&quot;,&quot;focal_length&quot;:&quot;70&quot;,&quot;iso&quot;:&quot;320&quot;,&quot;shutter_speed&quot;:&quot;0.0004&quot;,&quot;title&quot;:&quot;&quot;,&quot;orientation&quot;:&quot;1&quot;}\" data-image-title=\"_MOM2990 copy\" data-image-description=\"\" data-image-caption=\"&lt;p&gt;Lecture pour une nature morte en nioir et blanc&lt;\/p&gt;\n\" data-large-file=\"https:\/\/i0.wp.com\/fondazione.cc\/fcc\/wp-content\/uploads\/2025\/11\/MOM2990-copy-scaled.jpg?fit=1024%2C674&amp;ssl=1\" \/><\/a><\/figure>\n\n<h5 style=\"font-size:1.3rem;\" class=\"has-text-align-center wp-block-post-title\"><a href=\"https:\/\/fondazione.cc\/fr\/deversoirs-fr\/deversoir-5\/\" target=\"_self\" >Deversoirs #5<\/a><\/h5>\n<\/li><li class=\"wp-block-post post-5099 post type-post status-publish format-standard has-post-thumbnail hentry category-deversoirs-fr\">\n<figure class=\"wp-block-post-featured-image\"><a href=\"https:\/\/fondazione.cc\/fr\/deversoirs-fr\/deversoir-4\/\" target=\"_self\"  ><img data-recalc-dims=\"1\" loading=\"lazy\" decoding=\"async\" width=\"2560\" height=\"1703\" src=\"https:\/\/i0.wp.com\/fondazione.cc\/fcc\/wp-content\/uploads\/2025\/11\/25-02-02_Deversoir_ITW-Journaliste-9-scaled.jpg?resize=2560%2C1703&#038;ssl=1\" class=\"attachment-post-thumbnail size-post-thumbnail wp-post-image\" alt=\"D\u00e9versoirs #4\" style=\"border-radius:100%;object-fit:cover;\" srcset=\"https:\/\/i0.wp.com\/fondazione.cc\/fcc\/wp-content\/uploads\/2025\/11\/25-02-02_Deversoir_ITW-Journaliste-9-scaled.jpg?w=2560&amp;ssl=1 2560w, https:\/\/i0.wp.com\/fondazione.cc\/fcc\/wp-content\/uploads\/2025\/11\/25-02-02_Deversoir_ITW-Journaliste-9-scaled.jpg?resize=300%2C200&amp;ssl=1 300w, https:\/\/i0.wp.com\/fondazione.cc\/fcc\/wp-content\/uploads\/2025\/11\/25-02-02_Deversoir_ITW-Journaliste-9-scaled.jpg?resize=1024%2C681&amp;ssl=1 1024w, https:\/\/i0.wp.com\/fondazione.cc\/fcc\/wp-content\/uploads\/2025\/11\/25-02-02_Deversoir_ITW-Journaliste-9-scaled.jpg?resize=768%2C511&amp;ssl=1 768w, https:\/\/i0.wp.com\/fondazione.cc\/fcc\/wp-content\/uploads\/2025\/11\/25-02-02_Deversoir_ITW-Journaliste-9-scaled.jpg?resize=1536%2C1022&amp;ssl=1 1536w, https:\/\/i0.wp.com\/fondazione.cc\/fcc\/wp-content\/uploads\/2025\/11\/25-02-02_Deversoir_ITW-Journaliste-9-scaled.jpg?resize=2048%2C1362&amp;ssl=1 2048w\" sizes=\"auto, (max-width: 1000px) 100vw, 1000px\" data-attachment-id=\"4988\" data-permalink=\"https:\/\/fondazione.cc\/fr\/deversoirs-fr\/deversoir-4\/attachment\/25-02-02_deversoir_itw-journaliste-9-2\/\" data-orig-file=\"https:\/\/i0.wp.com\/fondazione.cc\/fcc\/wp-content\/uploads\/2025\/11\/25-02-02_Deversoir_ITW-Journaliste-9-scaled.jpg?fit=2560%2C1703&amp;ssl=1\" data-orig-size=\"2560,1703\" data-comments-opened=\"1\" data-image-meta=\"{&quot;aperture&quot;:&quot;0&quot;,&quot;credit&quot;:&quot;Antoine Mermet&quot;,&quot;camera&quot;:&quot;&quot;,&quot;caption&quot;:&quot;&quot;,&quot;created_timestamp&quot;:&quot;1738528910&quot;,&quot;copyright&quot;:&quot;Antoine Mermet \/ Hans Lucas&quot;,&quot;focal_length&quot;:&quot;0&quot;,&quot;iso&quot;:&quot;0&quot;,&quot;shutter_speed&quot;:&quot;0&quot;,&quot;title&quot;:&quot;&quot;,&quot;orientation&quot;:&quot;0&quot;}\" data-image-title=\"25-02-02_Deversoir_ITW-Journaliste-9\" data-image-description=\"\" data-image-caption=\"&lt;p&gt;Lecture et performance sonore par, Friedrich Andreoni, Claudia Squitieri, Radha Valli, 2025. Photographie Antoine Mermet \/ Hans Lucas&lt;\/p&gt;\n\" data-large-file=\"https:\/\/i0.wp.com\/fondazione.cc\/fcc\/wp-content\/uploads\/2025\/11\/25-02-02_Deversoir_ITW-Journaliste-9-scaled.jpg?fit=1024%2C681&amp;ssl=1\" \/><\/a><\/figure>\n\n<h5 style=\"font-size:1.3rem;\" class=\"has-text-align-center wp-block-post-title\"><a href=\"https:\/\/fondazione.cc\/fr\/deversoirs-fr\/deversoir-4\/\" target=\"_self\" >D\u00e9versoirs #4<\/a><\/h5>\n<\/li><li class=\"wp-block-post post-5086 post type-post status-publish format-standard has-post-thumbnail hentry category-deversoirs-fr\">\n<figure class=\"wp-block-post-featured-image\"><a href=\"https:\/\/fondazione.cc\/fr\/deversoirs-fr\/deversoir-3\/\" target=\"_self\"  ><img data-recalc-dims=\"1\" loading=\"lazy\" decoding=\"async\" width=\"1572\" height=\"1046\" src=\"https:\/\/i0.wp.com\/fondazione.cc\/fcc\/wp-content\/uploads\/2025\/11\/24-11-17_BD_Dev3_RenaudBertin-13-copy-1.jpg?resize=1572%2C1046&#038;ssl=1\" class=\"attachment-post-thumbnail size-post-thumbnail wp-post-image\" alt=\"Deversoirs #3\" style=\"border-radius:100%;object-fit:cover;\" srcset=\"https:\/\/i0.wp.com\/fondazione.cc\/fcc\/wp-content\/uploads\/2025\/11\/24-11-17_BD_Dev3_RenaudBertin-13-copy-1.jpg?w=1572&amp;ssl=1 1572w, https:\/\/i0.wp.com\/fondazione.cc\/fcc\/wp-content\/uploads\/2025\/11\/24-11-17_BD_Dev3_RenaudBertin-13-copy-1.jpg?resize=300%2C200&amp;ssl=1 300w, https:\/\/i0.wp.com\/fondazione.cc\/fcc\/wp-content\/uploads\/2025\/11\/24-11-17_BD_Dev3_RenaudBertin-13-copy-1.jpg?resize=1024%2C681&amp;ssl=1 1024w, https:\/\/i0.wp.com\/fondazione.cc\/fcc\/wp-content\/uploads\/2025\/11\/24-11-17_BD_Dev3_RenaudBertin-13-copy-1.jpg?resize=768%2C511&amp;ssl=1 768w, https:\/\/i0.wp.com\/fondazione.cc\/fcc\/wp-content\/uploads\/2025\/11\/24-11-17_BD_Dev3_RenaudBertin-13-copy-1.jpg?resize=1536%2C1022&amp;ssl=1 1536w\" sizes=\"auto, (max-width: 1000px) 100vw, 1000px\" data-attachment-id=\"4937\" data-permalink=\"https:\/\/fondazione.cc\/fr\/deversoirs-fr\/deversoir-3\/attachment\/24-11-17_bd_dev3_renaudbertin-13-copy-2-2\/\" data-orig-file=\"https:\/\/i0.wp.com\/fondazione.cc\/fcc\/wp-content\/uploads\/2025\/11\/24-11-17_BD_Dev3_RenaudBertin-13-copy-1.jpg?fit=1572%2C1046&amp;ssl=1\" data-orig-size=\"1572,1046\" data-comments-opened=\"1\" data-image-meta=\"{&quot;aperture&quot;:&quot;0&quot;,&quot;credit&quot;:&quot;Antoine Mermet&quot;,&quot;camera&quot;:&quot;&quot;,&quot;caption&quot;:&quot;&quot;,&quot;created_timestamp&quot;:&quot;1731800793&quot;,&quot;copyright&quot;:&quot;Antoine Mermet \/ Hans Lucas&quot;,&quot;focal_length&quot;:&quot;0&quot;,&quot;iso&quot;:&quot;0&quot;,&quot;shutter_speed&quot;:&quot;0&quot;,&quot;title&quot;:&quot;&quot;,&quot;orientation&quot;:&quot;1&quot;}\" data-image-title=\"24-11-17_BD_Dev3_RenaudBertin-13 copy\" data-image-description=\"\" data-image-caption=\"\" data-large-file=\"https:\/\/i0.wp.com\/fondazione.cc\/fcc\/wp-content\/uploads\/2025\/11\/24-11-17_BD_Dev3_RenaudBertin-13-copy-1.jpg?fit=1024%2C681&amp;ssl=1\" \/><\/a><\/figure>\n\n<h5 style=\"font-size:1.3rem;\" class=\"has-text-align-center wp-block-post-title\"><a href=\"https:\/\/fondazione.cc\/fr\/deversoirs-fr\/deversoir-3\/\" target=\"_self\" >Deversoirs #3<\/a><\/h5>\n<\/li><li class=\"wp-block-post post-5074 post type-post status-publish format-standard has-post-thumbnail hentry category-deversoirs-fr\">\n<figure class=\"wp-block-post-featured-image\"><a href=\"https:\/\/fondazione.cc\/fr\/deversoirs-fr\/deversoir-2\/\" target=\"_self\"  ><img data-recalc-dims=\"1\" loading=\"lazy\" decoding=\"async\" width=\"2048\" height=\"1365\" src=\"https:\/\/i0.wp.com\/fondazione.cc\/fcc\/wp-content\/uploads\/2025\/11\/76942760_10157330223941677_4719084974198751232_n.jpeg?resize=2048%2C1365&#038;ssl=1\" class=\"attachment-post-thumbnail size-post-thumbnail wp-post-image\" alt=\"Deversoirs #2\" style=\"border-radius:100%;object-fit:cover;\" srcset=\"https:\/\/i0.wp.com\/fondazione.cc\/fcc\/wp-content\/uploads\/2025\/11\/76942760_10157330223941677_4719084974198751232_n.jpeg?w=2048&amp;ssl=1 2048w, https:\/\/i0.wp.com\/fondazione.cc\/fcc\/wp-content\/uploads\/2025\/11\/76942760_10157330223941677_4719084974198751232_n.jpeg?resize=300%2C200&amp;ssl=1 300w, https:\/\/i0.wp.com\/fondazione.cc\/fcc\/wp-content\/uploads\/2025\/11\/76942760_10157330223941677_4719084974198751232_n.jpeg?resize=1024%2C683&amp;ssl=1 1024w, https:\/\/i0.wp.com\/fondazione.cc\/fcc\/wp-content\/uploads\/2025\/11\/76942760_10157330223941677_4719084974198751232_n.jpeg?resize=768%2C512&amp;ssl=1 768w, https:\/\/i0.wp.com\/fondazione.cc\/fcc\/wp-content\/uploads\/2025\/11\/76942760_10157330223941677_4719084974198751232_n.jpeg?resize=1536%2C1024&amp;ssl=1 1536w\" sizes=\"auto, (max-width: 1000px) 100vw, 1000px\" data-attachment-id=\"4874\" data-permalink=\"https:\/\/fondazione.cc\/fr\/deversoirs-fr\/deversoir-2\/attachment\/76942760_10157330223941677_4719084974198751232_n-2-2\/\" data-orig-file=\"https:\/\/i0.wp.com\/fondazione.cc\/fcc\/wp-content\/uploads\/2025\/11\/76942760_10157330223941677_4719084974198751232_n.jpeg?fit=2048%2C1365&amp;ssl=1\" data-orig-size=\"2048,1365\" data-comments-opened=\"1\" data-image-meta=\"{&quot;aperture&quot;:&quot;0&quot;,&quot;credit&quot;:&quot;&quot;,&quot;camera&quot;:&quot;&quot;,&quot;caption&quot;:&quot;&quot;,&quot;created_timestamp&quot;:&quot;0&quot;,&quot;copyright&quot;:&quot;&quot;,&quot;focal_length&quot;:&quot;0&quot;,&quot;iso&quot;:&quot;0&quot;,&quot;shutter_speed&quot;:&quot;0&quot;,&quot;title&quot;:&quot;&quot;,&quot;orientation&quot;:&quot;0&quot;}\" data-image-title=\"76942760_10157330223941677_4719084974198751232_n\" data-image-description=\"\" data-image-caption=\"&lt;p&gt;Manuel Maria Perrone et Frank Wiliams&lt;\/p&gt;\n\" data-large-file=\"https:\/\/i0.wp.com\/fondazione.cc\/fcc\/wp-content\/uploads\/2025\/11\/76942760_10157330223941677_4719084974198751232_n.jpeg?fit=1024%2C683&amp;ssl=1\" \/><\/a><\/figure>\n\n<h5 style=\"font-size:1.3rem;\" class=\"has-text-align-center wp-block-post-title\"><a href=\"https:\/\/fondazione.cc\/fr\/deversoirs-fr\/deversoir-2\/\" target=\"_self\" >Deversoirs #2<\/a><\/h5>\n<\/li><li class=\"wp-block-post post-5071 post type-post status-publish format-standard has-post-thumbnail hentry category-deversoirs-fr\">\n<figure class=\"wp-block-post-featured-image\"><a href=\"https:\/\/fondazione.cc\/fr\/deversoirs-fr\/deversoir-1\/\" target=\"_self\"  ><img data-recalc-dims=\"1\" loading=\"lazy\" decoding=\"async\" width=\"1663\" height=\"1070\" src=\"https:\/\/i0.wp.com\/fondazione.cc\/fcc\/wp-content\/uploads\/2025\/11\/447760455_122094747434358625_7523407663758349055_n-copy.jpg?resize=1663%2C1070&#038;ssl=1\" class=\"attachment-post-thumbnail size-post-thumbnail wp-post-image\" alt=\"Deversoirs #1\" style=\"border-radius:100%;object-fit:cover;\" srcset=\"https:\/\/i0.wp.com\/fondazione.cc\/fcc\/wp-content\/uploads\/2025\/11\/447760455_122094747434358625_7523407663758349055_n-copy.jpg?w=1663&amp;ssl=1 1663w, https:\/\/i0.wp.com\/fondazione.cc\/fcc\/wp-content\/uploads\/2025\/11\/447760455_122094747434358625_7523407663758349055_n-copy.jpg?resize=300%2C193&amp;ssl=1 300w, https:\/\/i0.wp.com\/fondazione.cc\/fcc\/wp-content\/uploads\/2025\/11\/447760455_122094747434358625_7523407663758349055_n-copy.jpg?resize=1024%2C659&amp;ssl=1 1024w, https:\/\/i0.wp.com\/fondazione.cc\/fcc\/wp-content\/uploads\/2025\/11\/447760455_122094747434358625_7523407663758349055_n-copy.jpg?resize=768%2C494&amp;ssl=1 768w, https:\/\/i0.wp.com\/fondazione.cc\/fcc\/wp-content\/uploads\/2025\/11\/447760455_122094747434358625_7523407663758349055_n-copy.jpg?resize=1536%2C988&amp;ssl=1 1536w\" sizes=\"auto, (max-width: 1000px) 100vw, 1000px\" data-attachment-id=\"4854\" data-permalink=\"https:\/\/fondazione.cc\/fr\/deversoirs-fr\/deversoir-1\/attachment\/447760455_122094747434358625_7523407663758349055_n-copy-2\/\" data-orig-file=\"https:\/\/i0.wp.com\/fondazione.cc\/fcc\/wp-content\/uploads\/2025\/11\/447760455_122094747434358625_7523407663758349055_n-copy.jpg?fit=1663%2C1070&amp;ssl=1\" data-orig-size=\"1663,1070\" data-comments-opened=\"1\" data-image-meta=\"{&quot;aperture&quot;:&quot;0&quot;,&quot;credit&quot;:&quot;&quot;,&quot;camera&quot;:&quot;&quot;,&quot;caption&quot;:&quot;&quot;,&quot;created_timestamp&quot;:&quot;0&quot;,&quot;copyright&quot;:&quot;&quot;,&quot;focal_length&quot;:&quot;0&quot;,&quot;iso&quot;:&quot;0&quot;,&quot;shutter_speed&quot;:&quot;0&quot;,&quot;title&quot;:&quot;&quot;,&quot;orientation&quot;:&quot;1&quot;}\" data-image-title=\"447760455_122094747434358625_7523407663758349055_n copy\" data-image-description=\"\" data-image-caption=\"&lt;p&gt;Cin\u00e9ma live de Vincent Moon &lt;\/p&gt;\n\" data-large-file=\"https:\/\/i0.wp.com\/fondazione.cc\/fcc\/wp-content\/uploads\/2025\/11\/447760455_122094747434358625_7523407663758349055_n-copy.jpg?fit=1024%2C659&amp;ssl=1\" \/><\/a><\/figure>\n\n<h5 style=\"font-size:1.3rem;\" class=\"has-text-align-center wp-block-post-title\"><a href=\"https:\/\/fondazione.cc\/fr\/deversoirs-fr\/deversoir-1\/\" target=\"_self\" >Deversoirs #1<\/a><\/h5>\n<\/li><\/ul><\/div>\n","protected":false},"excerpt":{"rendered":"<p>Les D\u00e9versoirs font entrer la performance dans l&rsquo;espace intime du Picardeau. Les D\u00e9versoirs sont des \u00e9v\u00e9nements performatifs programm\u00e9s le dimanche dans le jardin ou parmi les tables du bar-restaurant Le Picardeau, si\u00e8ge de la Fondazione. Con\u00e7us comme des moments de partage et de fluidit\u00e9 cr\u00e9ative, Les D\u00e9versoirs combinent cin\u00e9ma, performance, musique et po\u00e9sie et offrent [&hellip;]<\/p>\n","protected":false},"author":2,"featured_media":4840,"parent":0,"menu_order":0,"comment_status":"closed","ping_status":"closed","template":"","meta":{"give_campaign_id":0,"footnotes":""},"class_list":["post-5137","page","type-page","status-publish","has-post-thumbnail","hentry"],"campaignId":"","featured_image_src":"https:\/\/fondazione.cc\/fcc\/wp-content\/uploads\/2025\/11\/TitreSeul.png","featured_image_src_square":"https:\/\/fondazione.cc\/fcc\/wp-content\/uploads\/2025\/11\/TitreSeul.png","rbea_author_info":{"display_name":"Perrine Gamot","author_link":"https:\/\/fondazione.cc\/fr\/author\/perrine_gamot\/"},"rbea_excerpt_info":"Les D\u00e9versoirs font entrer la performance dans l&rsquo;espace intime du Picardeau. Les D\u00e9versoirs sont des \u00e9v\u00e9nements performatifs programm\u00e9s le dimanche dans le jardin ou parmi les tables du bar-restaurant Le Picardeau, si\u00e8ge de la Fondazione. Con\u00e7us comme des moments de partage et de fluidit\u00e9 cr\u00e9ative, Les D\u00e9versoirs combinent cin\u00e9ma, performance, musique et po\u00e9sie et offrent [&hellip;]","jetpack_sharing_enabled":true,"_links":{"self":[{"href":"https:\/\/fondazione.cc\/fr\/wp-json\/wp\/v2\/pages\/5137","targetHints":{"allow":["GET"]}}],"collection":[{"href":"https:\/\/fondazione.cc\/fr\/wp-json\/wp\/v2\/pages"}],"about":[{"href":"https:\/\/fondazione.cc\/fr\/wp-json\/wp\/v2\/types\/page"}],"author":[{"embeddable":true,"href":"https:\/\/fondazione.cc\/fr\/wp-json\/wp\/v2\/users\/2"}],"replies":[{"embeddable":true,"href":"https:\/\/fondazione.cc\/fr\/wp-json\/wp\/v2\/comments?post=5137"}],"version-history":[{"count":4,"href":"https:\/\/fondazione.cc\/fr\/wp-json\/wp\/v2\/pages\/5137\/revisions"}],"predecessor-version":[{"id":5421,"href":"https:\/\/fondazione.cc\/fr\/wp-json\/wp\/v2\/pages\/5137\/revisions\/5421"}],"wp:featuredmedia":[{"embeddable":true,"href":"https:\/\/fondazione.cc\/fr\/wp-json\/wp\/v2\/media\/4840"}],"wp:attachment":[{"href":"https:\/\/fondazione.cc\/fr\/wp-json\/wp\/v2\/media?parent=5137"}],"curies":[{"name":"wp","href":"https:\/\/api.w.org\/{rel}","templated":true}]}}