{"id":4510,"date":"2025-07-30T12:44:12","date_gmt":"2025-07-30T11:44:12","guid":{"rendered":"https:\/\/fondazione.cc\/?page_id=4510"},"modified":"2026-03-10T11:30:50","modified_gmt":"2026-03-10T10:30:50","slug":"in-situ","status":"publish","type":"page","link":"https:\/\/fondazione.cc\/fr\/in-situ\/","title":{"rendered":"In Situ"},"content":{"rendered":"\n<h1 class=\"wp-block-heading fixed-post-title\" style=\"text-transform:uppercase\">In Situ<\/h1>\n\n\n\n<h2 class=\"wp-block-heading\" style=\"font-size:2.2rem\"><em>In Situ<\/em> accompagne un.e artiste pour la production d&rsquo;une nouvelle pi\u00e8ce.<\/h2>\n\n\n\n<p>Une fois par an, La Fondazione&nbsp;propose un accompagnement au plus pr\u00e8s des artistes invit\u00e9s, mettant tout en \u0153uvre pour le bon cheminement de leur processus cr\u00e9atif, du travail de recherche jusqu\u2019\u00e0 la r\u00e9alisation finale. Dans ce suivi, l\u2019artiste est incit\u00e9 \u00e0 travailler avec les forces vives en action, dans un \u00e9lan spontan\u00e9 et ouvert au contexte. \u00c0 l\u2019issue de ce temps de cr\u00e9ation, le travail est pr\u00e9sent\u00e9 au public, au&nbsp;Le Picardeau&nbsp;ou dans un site local partenaire, avant de voyager en France et au del\u00e0 dans le cadre de partenariats.<\/p>\n\n\n\n<div class=\"wp-block-group is-layout-constrained wp-block-group-is-layout-constrained\" style=\"border-top-color:var(--wp--preset--color--primary);border-top-width:1px;padding-top:var(--wp--preset--spacing--60);padding-bottom:var(--wp--preset--spacing--60)\">\n<div class=\"wp-block-query is-layout-flow wp-block-query-is-layout-flow\"><ul class=\"columns-6 wp-block-post-template is-layout-grid wp-container-core-post-template-is-layout-63d9e32e wp-block-post-template-is-layout-grid\"><li class=\"wp-block-post post-5323 post type-post status-publish format-standard has-post-thumbnail hentry category-in-situ-fr\">\n<figure class=\"wp-block-post-featured-image\"><a href=\"https:\/\/fondazione.cc\/fr\/in-situ-fr\/in-situ-isabelle-prim\/\" target=\"_self\"  ><img data-recalc-dims=\"1\" loading=\"lazy\" decoding=\"async\" width=\"478\" height=\"478\" src=\"https:\/\/i0.wp.com\/fondazione.cc\/fcc\/wp-content\/uploads\/2026\/01\/39-copy-1.png?resize=478%2C478&#038;ssl=1\" class=\"attachment-post-thumbnail size-post-thumbnail wp-post-image\" alt=\"Isabelle Prim\" style=\"border-radius:100%;object-fit:cover;\" srcset=\"https:\/\/i0.wp.com\/fondazione.cc\/fcc\/wp-content\/uploads\/2026\/01\/39-copy-1.png?w=478&amp;ssl=1 478w, https:\/\/i0.wp.com\/fondazione.cc\/fcc\/wp-content\/uploads\/2026\/01\/39-copy-1.png?resize=300%2C300&amp;ssl=1 300w, https:\/\/i0.wp.com\/fondazione.cc\/fcc\/wp-content\/uploads\/2026\/01\/39-copy-1.png?resize=150%2C150&amp;ssl=1 150w, https:\/\/i0.wp.com\/fondazione.cc\/fcc\/wp-content\/uploads\/2026\/01\/39-copy-1.png?resize=50%2C50&amp;ssl=1 50w\" sizes=\"auto, (max-width: 478px) 100vw, 478px\" data-attachment-id=\"5352\" data-permalink=\"https:\/\/fondazione.cc\/fr\/39-copy-2\/\" data-orig-file=\"https:\/\/i0.wp.com\/fondazione.cc\/fcc\/wp-content\/uploads\/2026\/01\/39-copy-1.png?fit=478%2C478&amp;ssl=1\" data-orig-size=\"478,478\" data-comments-opened=\"1\" data-image-meta=\"{&quot;aperture&quot;:&quot;0&quot;,&quot;credit&quot;:&quot;&quot;,&quot;camera&quot;:&quot;&quot;,&quot;caption&quot;:&quot;&quot;,&quot;created_timestamp&quot;:&quot;0&quot;,&quot;copyright&quot;:&quot;&quot;,&quot;focal_length&quot;:&quot;0&quot;,&quot;iso&quot;:&quot;0&quot;,&quot;shutter_speed&quot;:&quot;0&quot;,&quot;title&quot;:&quot;&quot;,&quot;orientation&quot;:&quot;0&quot;}\" data-image-title=\"39 copy\" data-image-description=\"\" data-image-caption=\"\" data-large-file=\"https:\/\/i0.wp.com\/fondazione.cc\/fcc\/wp-content\/uploads\/2026\/01\/39-copy-1.png?fit=478%2C478&amp;ssl=1\" \/><\/a><\/figure>\n\n<h5 style=\"font-size:1.4rem;font-style:normal;font-weight:100; padding-top:0;padding-bottom:0;margin-top:var(--wp--preset--spacing--20);margin-bottom:var(--wp--preset--spacing--20);\" class=\"has-text-align-center wp-block-post-title\"><a href=\"https:\/\/fondazione.cc\/fr\/in-situ-fr\/in-situ-isabelle-prim\/\" target=\"_self\" >Isabelle Prim<\/a><\/h5>\n<\/li><li class=\"wp-block-post post-4503 post type-post status-publish format-standard has-post-thumbnail hentry category-in-situ-fr\">\n<figure class=\"wp-block-post-featured-image\"><a href=\"https:\/\/fondazione.cc\/fr\/in-situ-fr\/in-situ-marie-losier\/\" target=\"_self\"  ><img data-recalc-dims=\"1\" loading=\"lazy\" decoding=\"async\" width=\"600\" height=\"600\" src=\"https:\/\/i0.wp.com\/fondazione.cc\/fcc\/wp-content\/uploads\/2026\/01\/2377-12-scaled-e1769011072228.jpg?resize=600%2C600&#038;ssl=1\" class=\"attachment-post-thumbnail size-post-thumbnail wp-post-image\" alt=\"Marie Losier\" style=\"border-radius:100%;object-fit:cover;\" data-attachment-id=\"5395\" data-permalink=\"https:\/\/fondazione.cc\/fr\/2377-12\/\" data-orig-file=\"https:\/\/i0.wp.com\/fondazione.cc\/fcc\/wp-content\/uploads\/2026\/01\/2377-12-scaled-e1769011072228.jpg?fit=600%2C600&amp;ssl=1\" data-orig-size=\"600,600\" data-comments-opened=\"1\" data-image-meta=\"{&quot;aperture&quot;:&quot;0&quot;,&quot;credit&quot;:&quot;&quot;,&quot;camera&quot;:&quot;SP-3000&quot;,&quot;caption&quot;:&quot;&quot;,&quot;created_timestamp&quot;:&quot;1722434400&quot;,&quot;copyright&quot;:&quot;&quot;,&quot;focal_length&quot;:&quot;0&quot;,&quot;iso&quot;:&quot;0&quot;,&quot;shutter_speed&quot;:&quot;0&quot;,&quot;title&quot;:&quot;&quot;,&quot;orientation&quot;:&quot;1&quot;}\" data-image-title=\"2377-12\" data-image-description=\"\" data-image-caption=\"\" data-large-file=\"https:\/\/i0.wp.com\/fondazione.cc\/fcc\/wp-content\/uploads\/2026\/01\/2377-12-scaled-e1769011072228.jpg?fit=1024%2C1024&amp;ssl=1\" \/><\/a><\/figure>\n\n<h5 style=\"font-size:1.4rem;font-style:normal;font-weight:100; padding-top:0;padding-bottom:0;margin-top:var(--wp--preset--spacing--20);margin-bottom:var(--wp--preset--spacing--20);\" class=\"has-text-align-center wp-block-post-title\"><a href=\"https:\/\/fondazione.cc\/fr\/in-situ-fr\/in-situ-marie-losier\/\" target=\"_self\" >Marie Losier<\/a><\/h5>\n<\/li><li class=\"wp-block-post post-4505 post type-post status-publish format-standard has-post-thumbnail hentry category-in-situ-fr\">\n<figure class=\"wp-block-post-featured-image\"><a href=\"https:\/\/fondazione.cc\/fr\/in-situ-fr\/manuel-maria-perrone\/\" target=\"_self\"  ><img data-recalc-dims=\"1\" loading=\"lazy\" decoding=\"async\" width=\"1187\" height=\"1187\" src=\"https:\/\/i0.wp.com\/fondazione.cc\/fcc\/wp-content\/uploads\/2025\/07\/Screenshot-2025-07-30-at-13.38.03.png?resize=1187%2C1187&#038;ssl=1\" class=\"attachment-post-thumbnail size-post-thumbnail wp-post-image\" alt=\"Manuel Maria Perrone\" style=\"border-radius:100%;object-fit:cover;\" srcset=\"https:\/\/i0.wp.com\/fondazione.cc\/fcc\/wp-content\/uploads\/2025\/07\/Screenshot-2025-07-30-at-13.38.03.png?w=1187&amp;ssl=1 1187w, https:\/\/i0.wp.com\/fondazione.cc\/fcc\/wp-content\/uploads\/2025\/07\/Screenshot-2025-07-30-at-13.38.03.png?resize=300%2C300&amp;ssl=1 300w, https:\/\/i0.wp.com\/fondazione.cc\/fcc\/wp-content\/uploads\/2025\/07\/Screenshot-2025-07-30-at-13.38.03.png?resize=1024%2C1024&amp;ssl=1 1024w, https:\/\/i0.wp.com\/fondazione.cc\/fcc\/wp-content\/uploads\/2025\/07\/Screenshot-2025-07-30-at-13.38.03.png?resize=150%2C150&amp;ssl=1 150w, https:\/\/i0.wp.com\/fondazione.cc\/fcc\/wp-content\/uploads\/2025\/07\/Screenshot-2025-07-30-at-13.38.03.png?resize=768%2C768&amp;ssl=1 768w, https:\/\/i0.wp.com\/fondazione.cc\/fcc\/wp-content\/uploads\/2025\/07\/Screenshot-2025-07-30-at-13.38.03.png?resize=50%2C50&amp;ssl=1 50w\" sizes=\"auto, (max-width: 1000px) 100vw, 1000px\" data-attachment-id=\"4493\" data-permalink=\"https:\/\/fondazione.cc\/fr\/screenshot-2025-07-30-at-13-38-03-2\/\" data-orig-file=\"https:\/\/i0.wp.com\/fondazione.cc\/fcc\/wp-content\/uploads\/2025\/07\/Screenshot-2025-07-30-at-13.38.03.png?fit=1187%2C1187&amp;ssl=1\" data-orig-size=\"1187,1187\" data-comments-opened=\"1\" data-image-meta=\"{&quot;aperture&quot;:&quot;0&quot;,&quot;credit&quot;:&quot;&quot;,&quot;camera&quot;:&quot;&quot;,&quot;caption&quot;:&quot;&quot;,&quot;created_timestamp&quot;:&quot;0&quot;,&quot;copyright&quot;:&quot;&quot;,&quot;focal_length&quot;:&quot;0&quot;,&quot;iso&quot;:&quot;0&quot;,&quot;shutter_speed&quot;:&quot;0&quot;,&quot;title&quot;:&quot;&quot;,&quot;orientation&quot;:&quot;0&quot;}\" data-image-title=\"Screenshot 2025-07-30 at 13.38.03\" data-image-description=\"\" data-image-caption=\"\" data-large-file=\"https:\/\/i0.wp.com\/fondazione.cc\/fcc\/wp-content\/uploads\/2025\/07\/Screenshot-2025-07-30-at-13.38.03.png?fit=1024%2C1024&amp;ssl=1\" \/><\/a><\/figure>\n\n<h5 style=\"font-size:1.4rem;font-style:normal;font-weight:100; padding-top:0;padding-bottom:0;margin-top:var(--wp--preset--spacing--20);margin-bottom:var(--wp--preset--spacing--20);\" class=\"has-text-align-center wp-block-post-title\"><a href=\"https:\/\/fondazione.cc\/fr\/in-situ-fr\/manuel-maria-perrone\/\" target=\"_self\" >Manuel Maria Perrone<\/a><\/h5>\n<\/li><\/ul><\/div>\n<\/div>\n\n\n\n<p><\/p>\n","protected":false},"excerpt":{"rendered":"<p>In Situ In Situ accompagne un.e artiste pour la production d&rsquo;une nouvelle pi\u00e8ce. Une fois par an, La Fondazione&nbsp;propose un accompagnement au plus pr\u00e8s des artistes invit\u00e9s, mettant tout en \u0153uvre pour le bon cheminement de leur processus cr\u00e9atif, du travail de recherche jusqu\u2019\u00e0 la r\u00e9alisation finale. Dans ce suivi, l\u2019artiste est incit\u00e9 \u00e0 travailler [&hellip;]<\/p>\n","protected":false},"author":1,"featured_media":4497,"parent":0,"menu_order":0,"comment_status":"closed","ping_status":"closed","template":"","meta":{"give_campaign_id":0,"footnotes":""},"class_list":["post-4510","page","type-page","status-publish","has-post-thumbnail","hentry"],"campaignId":"","featured_image_src":"https:\/\/fondazione.cc\/fcc\/wp-content\/uploads\/2025\/07\/insitucircle.png","featured_image_src_square":"https:\/\/fondazione.cc\/fcc\/wp-content\/uploads\/2025\/07\/insitucircle.png","rbea_author_info":{"display_name":"kasper_admin","author_link":"https:\/\/fondazione.cc\/fr\/author\/kasper_admin\/"},"rbea_excerpt_info":"In Situ In Situ accompagne un.e artiste pour la production d&rsquo;une nouvelle pi\u00e8ce. Une fois par an, La Fondazione&nbsp;propose un accompagnement au plus pr\u00e8s des artistes invit\u00e9s, mettant tout en \u0153uvre pour le bon cheminement de leur processus cr\u00e9atif, du travail de recherche jusqu\u2019\u00e0 la r\u00e9alisation finale. Dans ce suivi, l\u2019artiste est incit\u00e9 \u00e0 travailler [&hellip;]","jetpack_sharing_enabled":true,"_links":{"self":[{"href":"https:\/\/fondazione.cc\/fr\/wp-json\/wp\/v2\/pages\/4510","targetHints":{"allow":["GET"]}}],"collection":[{"href":"https:\/\/fondazione.cc\/fr\/wp-json\/wp\/v2\/pages"}],"about":[{"href":"https:\/\/fondazione.cc\/fr\/wp-json\/wp\/v2\/types\/page"}],"author":[{"embeddable":true,"href":"https:\/\/fondazione.cc\/fr\/wp-json\/wp\/v2\/users\/1"}],"replies":[{"embeddable":true,"href":"https:\/\/fondazione.cc\/fr\/wp-json\/wp\/v2\/comments?post=4510"}],"version-history":[{"count":9,"href":"https:\/\/fondazione.cc\/fr\/wp-json\/wp\/v2\/pages\/4510\/revisions"}],"predecessor-version":[{"id":5442,"href":"https:\/\/fondazione.cc\/fr\/wp-json\/wp\/v2\/pages\/4510\/revisions\/5442"}],"wp:featuredmedia":[{"embeddable":true,"href":"https:\/\/fondazione.cc\/fr\/wp-json\/wp\/v2\/media\/4497"}],"wp:attachment":[{"href":"https:\/\/fondazione.cc\/fr\/wp-json\/wp\/v2\/media?parent=4510"}],"curies":[{"name":"wp","href":"https:\/\/api.w.org\/{rel}","templated":true}]}}