{"id":4025,"date":"2025-06-19T09:22:58","date_gmt":"2025-06-19T08:22:58","guid":{"rendered":"https:\/\/fondazione.cc\/?page_id=4025"},"modified":"2025-09-26T10:17:00","modified_gmt":"2025-09-26T09:17:00","slug":"indovarsi-2","status":"publish","type":"page","link":"https:\/\/fondazione.cc\/fr\/indovarsi-2\/","title":{"rendered":"Indovarsi"},"content":{"rendered":"\n<h5 class=\"wp-block-heading\" style=\"font-size:2.2rem\"><em><em>Indovarsi <\/em><\/em>une r\u00e9sidence crois\u00e9e avec le museo Novecento de florence.<\/h5>\n\n\n\n<h2 class=\"wp-block-heading\" style=\"font-size:2rem\">En 2024, <em>Indovarsi<\/em> prend la forme d&rsquo;un workshop pour les laur\u00e9at.es du programme de recherche en art WONDERFUL! 2024, 1<sup>\u00e8re<\/sup> edition &#8211; Maria Manetti Shrem.<\/h2>\n\n\n\n<p><em>La Fondazione<\/em> a imagin\u00e9 <em>Indovarsi<\/em>, un workshop artistique de 15 jours pour les 5 laur\u00e9ats du programme de recherche en art WONDERFUL! 1\u00e8re edition 2024 &#8211; Maria Manetti Shrem, du Museo Novecento, Florence (Italie). Le partenariat entre le Museo Novecento et <em>la Fondazione<\/em> est n\u00e9 de la volont\u00e9 d&rsquo;\u00e9tendre les liens historiques et artistiques entre les villes de Florence, Nemours et sa voisine Fontainebleau jusqu&rsquo;au pr\u00e9sent. Ces liens tiss\u00e9s entre la couronne de France et la famille des M\u00e9dicis remontent \u00e0 la Renaissance et sont marqu\u00e9s par la remise du duch\u00e9 de Nemours par Fran\u00e7ois Ier \u00e0 Julien de M\u00e9dicis en 1515.<\/p>\n\n\n\n<p>Quelques semaines avant leur exposition finale \u00e0 Florence, les quatre artistes plasticiens Friedrich Andreoni, Lucia Cant\u00f3, Benedetta Fioravanti, Giovanna Repetto et la commissaire Benedetta Casini, sont venus se jeter dans un nouvel espace, celui du Picardeau et de son territoire, pour se connecter avec lui dans un \u00e9lan cr\u00e9atif spontan\u00e9.<\/p>\n\n\n\n<div class=\"wp-block-group is-layout-constrained wp-block-group-is-layout-constrained\" style=\"padding-top:var(--wp--preset--spacing--70);padding-bottom:var(--wp--preset--spacing--70)\">\n<div class=\"wp-block-query is-layout-flow wp-block-query-is-layout-flow\"><ul class=\"columns-5 wp-block-post-template is-layout-grid wp-container-core-post-template-is-layout-bd7ed1ff wp-block-post-template-is-layout-grid\"><li class=\"wp-block-post post-4007 post type-post status-publish format-standard has-post-thumbnail hentry category-indovarsi-fr\">\n<figure class=\"wp-block-post-featured-image\"><a href=\"https:\/\/fondazione.cc\/fr\/indovarsi-fr\/indo-benedetta-casini-fr\/\" target=\"_self\"  ><img data-recalc-dims=\"1\" loading=\"lazy\" decoding=\"async\" width=\"344\" height=\"344\" src=\"https:\/\/i0.wp.com\/fondazione.cc\/fcc\/wp-content\/uploads\/2025\/06\/LE-JARDIN-SECRET-e1750747693726-1.jpg?resize=344%2C344&#038;ssl=1\" class=\"attachment-post-thumbnail size-post-thumbnail wp-post-image\" alt=\"Benedetta Casini\" style=\"border-radius:100%;object-fit:cover;\" srcset=\"https:\/\/i0.wp.com\/fondazione.cc\/fcc\/wp-content\/uploads\/2025\/06\/LE-JARDIN-SECRET-e1750747693726-1.jpg?w=344&amp;ssl=1 344w, https:\/\/i0.wp.com\/fondazione.cc\/fcc\/wp-content\/uploads\/2025\/06\/LE-JARDIN-SECRET-e1750747693726-1.jpg?resize=300%2C300&amp;ssl=1 300w, https:\/\/i0.wp.com\/fondazione.cc\/fcc\/wp-content\/uploads\/2025\/06\/LE-JARDIN-SECRET-e1750747693726-1.jpg?resize=150%2C150&amp;ssl=1 150w, https:\/\/i0.wp.com\/fondazione.cc\/fcc\/wp-content\/uploads\/2025\/06\/LE-JARDIN-SECRET-e1750747693726-1.jpg?resize=50%2C50&amp;ssl=1 50w\" sizes=\"auto, (max-width: 344px) 100vw, 344px\" data-attachment-id=\"4078\" data-permalink=\"https:\/\/fondazione.cc\/fr\/le-jardin-secret-e1750747693726\/\" data-orig-file=\"https:\/\/i0.wp.com\/fondazione.cc\/fcc\/wp-content\/uploads\/2025\/06\/LE-JARDIN-SECRET-e1750747693726-1.jpg?fit=344%2C344&amp;ssl=1\" data-orig-size=\"344,344\" data-comments-opened=\"1\" data-image-meta=\"{&quot;aperture&quot;:&quot;0&quot;,&quot;credit&quot;:&quot;&quot;,&quot;camera&quot;:&quot;&quot;,&quot;caption&quot;:&quot;&quot;,&quot;created_timestamp&quot;:&quot;0&quot;,&quot;copyright&quot;:&quot;&quot;,&quot;focal_length&quot;:&quot;0&quot;,&quot;iso&quot;:&quot;0&quot;,&quot;shutter_speed&quot;:&quot;0&quot;,&quot;title&quot;:&quot;&quot;,&quot;orientation&quot;:&quot;1&quot;}\" data-image-title=\"LE-JARDIN-SECRET-e1750747693726\" data-image-description=\"\" data-image-caption=\"\" data-large-file=\"https:\/\/i0.wp.com\/fondazione.cc\/fcc\/wp-content\/uploads\/2025\/06\/LE-JARDIN-SECRET-e1750747693726-1.jpg?fit=344%2C344&amp;ssl=1\" \/><\/a><\/figure>\n\n<h5 style=\"font-size:1.3rem;\" class=\"has-text-align-center wp-block-post-title\"><a href=\"https:\/\/fondazione.cc\/fr\/indovarsi-fr\/indo-benedetta-casini-fr\/\" target=\"_self\" >Benedetta Casini<\/a><\/h5>\n<\/li><li class=\"wp-block-post post-4011 post type-post status-publish format-standard has-post-thumbnail hentry category-indovarsi-fr\">\n<figure class=\"wp-block-post-featured-image\"><a href=\"https:\/\/fondazione.cc\/fr\/indovarsi-fr\/indo-friedrich-andreoni-fr\/\" target=\"_self\"  ><img data-recalc-dims=\"1\" loading=\"lazy\" decoding=\"async\" width=\"1081\" height=\"1077\" src=\"https:\/\/i0.wp.com\/fondazione.cc\/fcc\/wp-content\/uploads\/2025\/06\/Friedrich-Sometimes-Still01-sq.jpg?resize=1081%2C1077&#038;ssl=1\" class=\"attachment-post-thumbnail size-post-thumbnail wp-post-image\" alt=\"Friedrich Andreoni\" style=\"border-radius:100%;object-fit:cover;\" srcset=\"https:\/\/i0.wp.com\/fondazione.cc\/fcc\/wp-content\/uploads\/2025\/06\/Friedrich-Sometimes-Still01-sq.jpg?w=1081&amp;ssl=1 1081w, https:\/\/i0.wp.com\/fondazione.cc\/fcc\/wp-content\/uploads\/2025\/06\/Friedrich-Sometimes-Still01-sq.jpg?resize=300%2C300&amp;ssl=1 300w, https:\/\/i0.wp.com\/fondazione.cc\/fcc\/wp-content\/uploads\/2025\/06\/Friedrich-Sometimes-Still01-sq.jpg?resize=1024%2C1020&amp;ssl=1 1024w, https:\/\/i0.wp.com\/fondazione.cc\/fcc\/wp-content\/uploads\/2025\/06\/Friedrich-Sometimes-Still01-sq.jpg?resize=150%2C150&amp;ssl=1 150w, https:\/\/i0.wp.com\/fondazione.cc\/fcc\/wp-content\/uploads\/2025\/06\/Friedrich-Sometimes-Still01-sq.jpg?resize=768%2C765&amp;ssl=1 768w, https:\/\/i0.wp.com\/fondazione.cc\/fcc\/wp-content\/uploads\/2025\/06\/Friedrich-Sometimes-Still01-sq.jpg?resize=50%2C50&amp;ssl=1 50w\" sizes=\"auto, (max-width: 1000px) 100vw, 1000px\" data-attachment-id=\"3506\" data-permalink=\"https:\/\/fondazione.cc\/fr\/friedrich-sometimes-still01-sq-2\/\" data-orig-file=\"https:\/\/i0.wp.com\/fondazione.cc\/fcc\/wp-content\/uploads\/2025\/06\/Friedrich-Sometimes-Still01-sq.jpg?fit=1081%2C1077&amp;ssl=1\" data-orig-size=\"1081,1077\" data-comments-opened=\"1\" data-image-meta=\"{&quot;aperture&quot;:&quot;0&quot;,&quot;credit&quot;:&quot;&quot;,&quot;camera&quot;:&quot;&quot;,&quot;caption&quot;:&quot;&quot;,&quot;created_timestamp&quot;:&quot;0&quot;,&quot;copyright&quot;:&quot;&quot;,&quot;focal_length&quot;:&quot;0&quot;,&quot;iso&quot;:&quot;0&quot;,&quot;shutter_speed&quot;:&quot;0&quot;,&quot;title&quot;:&quot;&quot;,&quot;orientation&quot;:&quot;1&quot;}\" data-image-title=\"Friedrich-Sometimes-Still01-sq\" data-image-description=\"\" data-image-caption=\"&lt;p&gt;Friedrich Andreoni&lt;\/p&gt;\n\" data-large-file=\"https:\/\/i0.wp.com\/fondazione.cc\/fcc\/wp-content\/uploads\/2025\/06\/Friedrich-Sometimes-Still01-sq.jpg?fit=1024%2C1020&amp;ssl=1\" \/><\/a><\/figure>\n\n<h5 style=\"font-size:1.3rem;\" class=\"has-text-align-center wp-block-post-title\"><a href=\"https:\/\/fondazione.cc\/fr\/indovarsi-fr\/indo-friedrich-andreoni-fr\/\" target=\"_self\" >Friedrich Andreoni<\/a><\/h5>\n<\/li><li class=\"wp-block-post post-4013 post type-post status-publish format-standard has-post-thumbnail hentry category-indovarsi-fr\">\n<figure class=\"wp-block-post-featured-image\"><a href=\"https:\/\/fondazione.cc\/fr\/indovarsi-fr\/indo-giovanna-repetto-fr\/\" target=\"_self\"  ><img data-recalc-dims=\"1\" loading=\"lazy\" decoding=\"async\" width=\"1332\" height=\"1332\" src=\"https:\/\/i0.wp.com\/fondazione.cc\/fcc\/wp-content\/uploads\/2025\/06\/03-1-sq.jpg?resize=1332%2C1332&#038;ssl=1\" class=\"attachment-post-thumbnail size-post-thumbnail wp-post-image\" alt=\"Giovanna Repetto\" style=\"border-radius:100%;object-fit:cover;\" srcset=\"https:\/\/i0.wp.com\/fondazione.cc\/fcc\/wp-content\/uploads\/2025\/06\/03-1-sq.jpg?w=1332&amp;ssl=1 1332w, https:\/\/i0.wp.com\/fondazione.cc\/fcc\/wp-content\/uploads\/2025\/06\/03-1-sq.jpg?resize=300%2C300&amp;ssl=1 300w, https:\/\/i0.wp.com\/fondazione.cc\/fcc\/wp-content\/uploads\/2025\/06\/03-1-sq.jpg?resize=1024%2C1024&amp;ssl=1 1024w, https:\/\/i0.wp.com\/fondazione.cc\/fcc\/wp-content\/uploads\/2025\/06\/03-1-sq.jpg?resize=150%2C150&amp;ssl=1 150w, https:\/\/i0.wp.com\/fondazione.cc\/fcc\/wp-content\/uploads\/2025\/06\/03-1-sq.jpg?resize=768%2C768&amp;ssl=1 768w, https:\/\/i0.wp.com\/fondazione.cc\/fcc\/wp-content\/uploads\/2025\/06\/03-1-sq.jpg?resize=50%2C50&amp;ssl=1 50w\" sizes=\"auto, (max-width: 1000px) 100vw, 1000px\" data-attachment-id=\"3512\" data-permalink=\"https:\/\/fondazione.cc\/fr\/03-1-sq-2\/\" data-orig-file=\"https:\/\/i0.wp.com\/fondazione.cc\/fcc\/wp-content\/uploads\/2025\/06\/03-1-sq.jpg?fit=1332%2C1332&amp;ssl=1\" data-orig-size=\"1332,1332\" data-comments-opened=\"1\" data-image-meta=\"{&quot;aperture&quot;:&quot;0&quot;,&quot;credit&quot;:&quot;&quot;,&quot;camera&quot;:&quot;&quot;,&quot;caption&quot;:&quot;&quot;,&quot;created_timestamp&quot;:&quot;0&quot;,&quot;copyright&quot;:&quot;&quot;,&quot;focal_length&quot;:&quot;0&quot;,&quot;iso&quot;:&quot;0&quot;,&quot;shutter_speed&quot;:&quot;0&quot;,&quot;title&quot;:&quot;&quot;,&quot;orientation&quot;:&quot;1&quot;}\" data-image-title=\"03-1-sq\" data-image-description=\"\" data-image-caption=\"&lt;p&gt;Giovanna Repetto&lt;\/p&gt;\n\" data-large-file=\"https:\/\/i0.wp.com\/fondazione.cc\/fcc\/wp-content\/uploads\/2025\/06\/03-1-sq.jpg?fit=1024%2C1024&amp;ssl=1\" \/><\/a><\/figure>\n\n<h5 style=\"font-size:1.3rem;\" class=\"has-text-align-center wp-block-post-title\"><a href=\"https:\/\/fondazione.cc\/fr\/indovarsi-fr\/indo-giovanna-repetto-fr\/\" target=\"_self\" >Giovanna Repetto<\/a><\/h5>\n<\/li><li class=\"wp-block-post post-4016 post type-post status-publish format-standard has-post-thumbnail hentry category-indovarsi-fr\">\n<figure class=\"wp-block-post-featured-image\"><a href=\"https:\/\/fondazione.cc\/fr\/indovarsi-fr\/indo-lucia-canto-fr\/\" target=\"_self\"  ><img data-recalc-dims=\"1\" loading=\"lazy\" decoding=\"async\" width=\"1699\" height=\"1699\" src=\"https:\/\/i0.wp.com\/fondazione.cc\/fcc\/wp-content\/uploads\/2025\/06\/Vernissage-120-scaled-sq.jpeg?resize=1699%2C1699&#038;ssl=1\" class=\"attachment-post-thumbnail size-post-thumbnail wp-post-image\" alt=\"Lucia Cant\u00f3\" style=\"border-radius:100%;object-fit:cover;\" srcset=\"https:\/\/i0.wp.com\/fondazione.cc\/fcc\/wp-content\/uploads\/2025\/06\/Vernissage-120-scaled-sq.jpeg?w=1699&amp;ssl=1 1699w, https:\/\/i0.wp.com\/fondazione.cc\/fcc\/wp-content\/uploads\/2025\/06\/Vernissage-120-scaled-sq.jpeg?resize=300%2C300&amp;ssl=1 300w, https:\/\/i0.wp.com\/fondazione.cc\/fcc\/wp-content\/uploads\/2025\/06\/Vernissage-120-scaled-sq.jpeg?resize=1024%2C1024&amp;ssl=1 1024w, https:\/\/i0.wp.com\/fondazione.cc\/fcc\/wp-content\/uploads\/2025\/06\/Vernissage-120-scaled-sq.jpeg?resize=150%2C150&amp;ssl=1 150w, https:\/\/i0.wp.com\/fondazione.cc\/fcc\/wp-content\/uploads\/2025\/06\/Vernissage-120-scaled-sq.jpeg?resize=768%2C768&amp;ssl=1 768w, https:\/\/i0.wp.com\/fondazione.cc\/fcc\/wp-content\/uploads\/2025\/06\/Vernissage-120-scaled-sq.jpeg?resize=1536%2C1536&amp;ssl=1 1536w, https:\/\/i0.wp.com\/fondazione.cc\/fcc\/wp-content\/uploads\/2025\/06\/Vernissage-120-scaled-sq.jpeg?resize=50%2C50&amp;ssl=1 50w\" sizes=\"auto, (max-width: 1000px) 100vw, 1000px\" data-attachment-id=\"3515\" data-permalink=\"https:\/\/fondazione.cc\/fr\/vernissage-120-scaled-sq-2\/\" data-orig-file=\"https:\/\/i0.wp.com\/fondazione.cc\/fcc\/wp-content\/uploads\/2025\/06\/Vernissage-120-scaled-sq.jpeg?fit=1699%2C1699&amp;ssl=1\" data-orig-size=\"1699,1699\" data-comments-opened=\"1\" data-image-meta=\"{&quot;aperture&quot;:&quot;2.2&quot;,&quot;credit&quot;:&quot;&quot;,&quot;camera&quot;:&quot;ILCE-7M3&quot;,&quot;caption&quot;:&quot;&quot;,&quot;created_timestamp&quot;:&quot;1725004784&quot;,&quot;copyright&quot;:&quot;&quot;,&quot;focal_length&quot;:&quot;85&quot;,&quot;iso&quot;:&quot;640&quot;,&quot;shutter_speed&quot;:&quot;0.00625&quot;,&quot;title&quot;:&quot;&quot;,&quot;orientation&quot;:&quot;1&quot;}\" data-image-title=\"Vernissage-120-scaled-sq\" data-image-description=\"\" data-image-caption=\"&lt;p&gt;Lucia Cant\u00f2&lt;\/p&gt;\n\" data-large-file=\"https:\/\/i0.wp.com\/fondazione.cc\/fcc\/wp-content\/uploads\/2025\/06\/Vernissage-120-scaled-sq.jpeg?fit=1024%2C1024&amp;ssl=1\" \/><\/a><\/figure>\n\n<h5 style=\"font-size:1.3rem;\" class=\"has-text-align-center wp-block-post-title\"><a href=\"https:\/\/fondazione.cc\/fr\/indovarsi-fr\/indo-lucia-canto-fr\/\" target=\"_self\" >Lucia Cant\u00f3<\/a><\/h5>\n<\/li><li class=\"wp-block-post post-4019 post type-post status-publish format-standard has-post-thumbnail hentry category-indovarsi-fr\">\n<figure class=\"wp-block-post-featured-image\"><a href=\"https:\/\/fondazione.cc\/fr\/indovarsi-fr\/indo-benedetta-fioravanti-fr\/\" target=\"_self\"  ><img data-recalc-dims=\"1\" loading=\"lazy\" decoding=\"async\" width=\"1332\" height=\"1327\" src=\"https:\/\/i0.wp.com\/fondazione.cc\/fcc\/wp-content\/uploads\/2025\/06\/Benedetta_F_01_WEB-sq.jpg?resize=1332%2C1327&#038;ssl=1\" class=\"attachment-post-thumbnail size-post-thumbnail wp-post-image\" alt=\"Benedetta Fioravanti\" style=\"border-radius:100%;object-fit:cover;\" srcset=\"https:\/\/i0.wp.com\/fondazione.cc\/fcc\/wp-content\/uploads\/2025\/06\/Benedetta_F_01_WEB-sq.jpg?w=1332&amp;ssl=1 1332w, https:\/\/i0.wp.com\/fondazione.cc\/fcc\/wp-content\/uploads\/2025\/06\/Benedetta_F_01_WEB-sq.jpg?resize=300%2C300&amp;ssl=1 300w, https:\/\/i0.wp.com\/fondazione.cc\/fcc\/wp-content\/uploads\/2025\/06\/Benedetta_F_01_WEB-sq.jpg?resize=1024%2C1020&amp;ssl=1 1024w, https:\/\/i0.wp.com\/fondazione.cc\/fcc\/wp-content\/uploads\/2025\/06\/Benedetta_F_01_WEB-sq.jpg?resize=150%2C150&amp;ssl=1 150w, https:\/\/i0.wp.com\/fondazione.cc\/fcc\/wp-content\/uploads\/2025\/06\/Benedetta_F_01_WEB-sq.jpg?resize=768%2C765&amp;ssl=1 768w, https:\/\/i0.wp.com\/fondazione.cc\/fcc\/wp-content\/uploads\/2025\/06\/Benedetta_F_01_WEB-sq.jpg?resize=50%2C50&amp;ssl=1 50w\" sizes=\"auto, (max-width: 1000px) 100vw, 1000px\" data-attachment-id=\"3508\" data-permalink=\"https:\/\/fondazione.cc\/fr\/benedetta_f_01_web-sq-2\/\" data-orig-file=\"https:\/\/i0.wp.com\/fondazione.cc\/fcc\/wp-content\/uploads\/2025\/06\/Benedetta_F_01_WEB-sq.jpg?fit=1332%2C1327&amp;ssl=1\" data-orig-size=\"1332,1327\" data-comments-opened=\"1\" data-image-meta=\"{&quot;aperture&quot;:&quot;0&quot;,&quot;credit&quot;:&quot;&quot;,&quot;camera&quot;:&quot;&quot;,&quot;caption&quot;:&quot;&quot;,&quot;created_timestamp&quot;:&quot;0&quot;,&quot;copyright&quot;:&quot;&quot;,&quot;focal_length&quot;:&quot;0&quot;,&quot;iso&quot;:&quot;0&quot;,&quot;shutter_speed&quot;:&quot;0&quot;,&quot;title&quot;:&quot;&quot;,&quot;orientation&quot;:&quot;1&quot;}\" data-image-title=\"Benedetta_F_01_WEB-sq\" data-image-description=\"\" data-image-caption=\"&lt;p&gt;Benedetta Fioravanti&lt;\/p&gt;\n\" data-large-file=\"https:\/\/i0.wp.com\/fondazione.cc\/fcc\/wp-content\/uploads\/2025\/06\/Benedetta_F_01_WEB-sq.jpg?fit=1024%2C1020&amp;ssl=1\" \/><\/a><\/figure>\n\n<h5 style=\"font-size:1.3rem;\" class=\"has-text-align-center wp-block-post-title\"><a href=\"https:\/\/fondazione.cc\/fr\/indovarsi-fr\/indo-benedetta-fioravanti-fr\/\" target=\"_self\" >Benedetta Fioravanti<\/a><\/h5>\n<\/li><\/ul><\/div>\n<\/div>\n\n\n\n<p>Le programme dense du workshop a \u00e9t\u00e9 tenu secret jusqu\u2019au dernier moment. Il proposait de longues immersions dans la nature, comme la for\u00eat de Fontainebleau et les rivi\u00e8res avoisinnantes, des visites des grands sites locaux : le ch\u00e2teau de Fontainebleau, le mus\u00e9e de Pr\u00e9histoire d\u2019\u00cele-de-France ou le mus\u00e9e d\u00e9partemental des peintres de Barbizon. Un atelier sonore collectif avec l\u2019artiste et designer Vincent Tordjman, ainsi qu\u2019une rencontre avec le duo d\u2019artistes Angela Detanico et Rafael Lain (nomin\u00e9s au prix Marcel Duchamps 2024). \u00c0 la fin de ces quinze jours, les artistes et la commissaire ont produit des vid\u00e9os, des \u0153uvres sonores et des performances pr\u00e9sent\u00e9es au public lors d\u2019un \u00e9v\u00e9nement \u00e9ph\u00e9m\u00e8re au Picardeau, si\u00e8ge de la&nbsp;<em>Fondazione Claudia Cardinale.<\/em><\/p>\n\n\n\n<p>C\u2019est en hommage \u00e0 cette relation que l\u2019art a contribu\u00e9 \u00e0 tisser entre ces territoires que le workshop&nbsp;<em>Indovarsi<\/em>&nbsp;emprunte son nom au n\u00e9ologisme du po\u00e8te florentin Dante. Dans son immense \u0153uvre, le po\u00e8te utilise pour la premi\u00e8re fois la langue vernaculaire italienne, au d\u00e9triment du latin r\u00e9serv\u00e9 aux \u00e9rudits, ponctuant son texte de mots invent\u00e9s. Apparu \u00e0 la fin des derniers vers du Paradis de&nbsp;<em>La Divine Com\u00e9die<\/em>, face \u00e0 l\u2019irr\u00e9sistible rayonnement de la vision ultime, indovarsi est compos\u00e9 de la pr\u00e9position \u00ab&nbsp;in&nbsp;\u00bb et de l\u2019adverbe \u00ab&nbsp;dove&nbsp;\u00bb, signifiant litt\u00e9ralement \u00ab se mettre dans le o\u00f9 \u00bb une mani\u00e8re de sugg\u00e9rer le myst\u00e8re de l\u2019incarnation, \u00ab donner place \u00bb plut\u00f4t que d\u2019avoir lieu. Par ce geste po\u00e9tique, Dante met en mouvement son questionnement et notre capacit\u00e9 \u00e0 laisser le \u00ab o\u00f9 \u00bb devenir soi. C\u2019est \u00e0 travers ce prisme que la&nbsp;<em>Fondazione Claudia Cardinale<\/em>&nbsp;s\u2019est empar\u00e9e d\u2019indovarsi, comme un appel vivant, actif, qui se met en mouvement et fait na\u00eetre le d\u00e9sir m\u00eame d\u2019\u00e9lan, la n\u00e9cessit\u00e9 de tendre vers ce \u00ab o\u00f9 \u00bb. Il s\u2019immerge dans le lecteur comme une solution soluble instantan\u00e9e.<br><\/p>\n\n\n\n<h1 class=\"wp-block-heading fixed-post-title\">INDOVARSI<\/h1>\n","protected":false},"excerpt":{"rendered":"<p>Indovarsi une r\u00e9sidence crois\u00e9e avec le museo Novecento de florence. En 2024, Indovarsi prend la forme d&rsquo;un workshop pour les laur\u00e9at.es du programme de recherche en art WONDERFUL! 2024, 1\u00e8re edition &#8211; Maria Manetti Shrem. La Fondazione a imagin\u00e9 Indovarsi, un workshop artistique de 15 jours pour les 5 laur\u00e9ats du programme de recherche en [&hellip;]<\/p>\n","protected":false},"author":1,"featured_media":3919,"parent":0,"menu_order":0,"comment_status":"closed","ping_status":"closed","template":"","meta":{"give_campaign_id":0,"footnotes":""},"class_list":["post-4025","page","type-page","status-publish","has-post-thumbnail","hentry"],"campaignId":"","featured_image_src":"https:\/\/fondazione.cc\/fcc\/wp-content\/uploads\/2025\/06\/3.a-sq-indovarsi.jpg","featured_image_src_square":"https:\/\/fondazione.cc\/fcc\/wp-content\/uploads\/2025\/06\/3.a-sq-indovarsi.jpg","rbea_author_info":{"display_name":"kasper_admin","author_link":"https:\/\/fondazione.cc\/fr\/author\/kasper_admin\/"},"rbea_excerpt_info":"Indovarsi une r\u00e9sidence crois\u00e9e avec le museo Novecento de florence. En 2024, Indovarsi prend la forme d&rsquo;un workshop pour les laur\u00e9at.es du programme de recherche en art WONDERFUL! 2024, 1\u00e8re edition &#8211; Maria Manetti Shrem. La Fondazione a imagin\u00e9 Indovarsi, un workshop artistique de 15 jours pour les 5 laur\u00e9ats du programme de recherche en [&hellip;]","jetpack_sharing_enabled":true,"_links":{"self":[{"href":"https:\/\/fondazione.cc\/fr\/wp-json\/wp\/v2\/pages\/4025","targetHints":{"allow":["GET"]}}],"collection":[{"href":"https:\/\/fondazione.cc\/fr\/wp-json\/wp\/v2\/pages"}],"about":[{"href":"https:\/\/fondazione.cc\/fr\/wp-json\/wp\/v2\/types\/page"}],"author":[{"embeddable":true,"href":"https:\/\/fondazione.cc\/fr\/wp-json\/wp\/v2\/users\/1"}],"replies":[{"embeddable":true,"href":"https:\/\/fondazione.cc\/fr\/wp-json\/wp\/v2\/comments?post=4025"}],"version-history":[{"count":8,"href":"https:\/\/fondazione.cc\/fr\/wp-json\/wp\/v2\/pages\/4025\/revisions"}],"predecessor-version":[{"id":4710,"href":"https:\/\/fondazione.cc\/fr\/wp-json\/wp\/v2\/pages\/4025\/revisions\/4710"}],"wp:featuredmedia":[{"embeddable":true,"href":"https:\/\/fondazione.cc\/fr\/wp-json\/wp\/v2\/media\/3919"}],"wp:attachment":[{"href":"https:\/\/fondazione.cc\/fr\/wp-json\/wp\/v2\/media?parent=4025"}],"curies":[{"name":"wp","href":"https:\/\/api.w.org\/{rel}","templated":true}]}}