{"id":3394,"date":"2025-06-02T10:52:13","date_gmt":"2025-06-02T09:52:13","guid":{"rendered":"https:\/\/fondazione.cc\/?page_id=3394"},"modified":"2025-11-10T16:17:07","modified_gmt":"2025-11-10T15:17:07","slug":"ora","status":"publish","type":"page","link":"https:\/\/fondazione.cc\/fr\/ora\/","title":{"rendered":"ORA"},"content":{"rendered":"\n<h1 class=\"wp-block-heading fixed-post-title\">ORA<\/h1>\n\n\n\n<div class=\"wp-block-columns is-not-stacked-on-mobile is-layout-flex wp-container-core-columns-is-layout-28232c24 wp-block-columns-is-layout-flex\">\n<div class=\"wp-block-column is-vertically-aligned-center is-content-justification-left is-layout-constrained wp-container-core-column-is-layout-ac1b2c98 wp-block-column-is-layout-constrained\" style=\"padding-top:var(--wp--preset--spacing--30);padding-right:var(--wp--preset--spacing--30);padding-bottom:var(--wp--preset--spacing--30);padding-left:var(--wp--preset--spacing--30);flex-basis:85%\">\n<h5 class=\"wp-block-heading has-text-align-left\" style=\"padding-top:0;padding-right:0;padding-bottom:0;padding-left:0;font-size:2.2rem\"><br>ORA ouvre la porte de l\u2019oratoire du ch\u00e2teau-Mus\u00e9e de Nemours aux artistes contemporains.<\/h5>\n<\/div>\n\n\n\n<div class=\"wp-block-column is-vertically-aligned-center is-layout-flow wp-block-column-is-layout-flow\" style=\"flex-basis:15%\">\n<figure class=\"wp-block-image size-full\"><img data-recalc-dims=\"1\" loading=\"lazy\" decoding=\"async\" width=\"998\" height=\"910\" data-attachment-id=\"3655\" data-permalink=\"https:\/\/fondazione.cc\/fr\/screenshot-2025-06-20-at-11-21-41-2\/\" data-orig-file=\"https:\/\/i0.wp.com\/fondazione.cc\/fcc\/wp-content\/uploads\/2025\/06\/Screenshot-2025-06-20-at-11.21.41.png?fit=998%2C910&amp;ssl=1\" data-orig-size=\"998,910\" data-comments-opened=\"1\" data-image-meta=\"{&quot;aperture&quot;:&quot;0&quot;,&quot;credit&quot;:&quot;&quot;,&quot;camera&quot;:&quot;&quot;,&quot;caption&quot;:&quot;&quot;,&quot;created_timestamp&quot;:&quot;0&quot;,&quot;copyright&quot;:&quot;&quot;,&quot;focal_length&quot;:&quot;0&quot;,&quot;iso&quot;:&quot;0&quot;,&quot;shutter_speed&quot;:&quot;0&quot;,&quot;title&quot;:&quot;&quot;,&quot;orientation&quot;:&quot;0&quot;}\" data-image-title=\"Screenshot 2025-06-20 at 11.21.41\" data-image-description=\"\" data-image-caption=\"\" data-large-file=\"https:\/\/i0.wp.com\/fondazione.cc\/fcc\/wp-content\/uploads\/2025\/06\/Screenshot-2025-06-20-at-11.21.41.png?fit=998%2C910&amp;ssl=1\" src=\"https:\/\/i0.wp.com\/fondazione.cc\/fcc\/wp-content\/uploads\/2025\/06\/Screenshot-2025-06-20-at-11.21.41.png?resize=998%2C910&#038;ssl=1\" alt=\"\" class=\"wp-image-3655\" srcset=\"https:\/\/i0.wp.com\/fondazione.cc\/fcc\/wp-content\/uploads\/2025\/06\/Screenshot-2025-06-20-at-11.21.41.png?w=998&amp;ssl=1 998w, https:\/\/i0.wp.com\/fondazione.cc\/fcc\/wp-content\/uploads\/2025\/06\/Screenshot-2025-06-20-at-11.21.41.png?resize=300%2C274&amp;ssl=1 300w, https:\/\/i0.wp.com\/fondazione.cc\/fcc\/wp-content\/uploads\/2025\/06\/Screenshot-2025-06-20-at-11.21.41.png?resize=768%2C700&amp;ssl=1 768w\" sizes=\"auto, (max-width: 998px) 100vw, 998px\" \/><\/figure>\n<\/div>\n<\/div>\n\n\n\n<div class=\"wp-block-columns is-layout-flex wp-container-core-columns-is-layout-1a8fb8f4 wp-block-columns-is-layout-flex\" style=\"margin-top:0;margin-bottom:0;padding-top:var(--wp--preset--spacing--60);padding-bottom:var(--wp--preset--spacing--60)\">\n<div class=\"wp-block-column is-layout-flow wp-container-core-column-is-layout-b2a27621 wp-block-column-is-layout-flow\" style=\"padding-top:0;padding-right:0;padding-bottom:0;padding-left:0;flex-basis:50%\">\n<p>Le partenariat entre le Ch\u00e2teau-Mus\u00e9e de Nemours et la&nbsp;Fondazione Claudia Cardinale&nbsp;&#8211; bas\u00e9e \u00e0 Nemours &#8211; est n\u00e9 du d\u00e9sir partag\u00e9 entre la ville de Nemours, le directeur J\u00e9r\u00f4me Fourmanoir et la Fondazione, d\u2019ouvrir \u00e0 la cr\u00e9ation contemporaine un lieu embl\u00e9matique du patrimoine local. Ce dialogue prend place dans l\u2019oratoire, un espace historiquement d\u00e9di\u00e9 \u00e0 l\u2019\u00e9coute et la parole.<br><br><br><\/p>\n<\/div>\n\n\n\n<div class=\"wp-block-column is-vertically-aligned-top is-layout-flow wp-container-core-column-is-layout-119bc444 wp-block-column-is-layout-flow\" style=\"flex-basis:50%\">\n<p>Le mot Oratoire est emprunt\u00e9 au Latin chr\u00e9tien&nbsp;oratorium, lui-m\u00eame d\u00e9riv\u00e9 de&nbsp;<em>orare<\/em>,&nbsp;\u201cparler\u201d, puis \u201cprier\u201d. Ce terme si riche, ouvre le champ lexical vibratoire de la parole, et particuli\u00e8rement de la parole faite pri\u00e8re. Tout en conservant un lien phon\u00e9tique, en l\u2019\u00e9courtant nous l\u2019avons \u201cd\u00e9shabill\u00e9\u201d de son contexte religieux et reli\u00e9 \u00e0 la parole <em>ora<\/em>, qui en italien signifie \u201cmaintenant\u201d. Par ce choix, nous souhaitons exprimer notre volont\u00e9 commune de donner place \u00e0 la parole des artistes contemporains sur les enjeux li\u00e9s \u00e0 notre temps.&nbsp;<\/p>\n<\/div>\n<\/div>\n\n\n\n<hr class=\"wp-block-separator has-alpha-channel-opacity is-style-wide\"\/>\n\n\n\n<div class=\"wp-block-query is-layout-flow wp-block-query-is-layout-flow\"><ul class=\"columns-5 wp-block-post-template is-layout-grid wp-container-core-post-template-is-layout-bd7ed1ff wp-block-post-template-is-layout-grid\"><li class=\"wp-block-post post-3999 post type-post status-publish format-standard has-post-thumbnail hentry category-ora-fr\">\n<figure class=\"wp-block-post-featured-image\"><a href=\"https:\/\/fondazione.cc\/fr\/ora-fr\/ora-marie-losier-fr\/\" target=\"_self\"  ><img data-recalc-dims=\"1\" loading=\"lazy\" decoding=\"async\" width=\"1240\" height=\"1240\" src=\"https:\/\/i0.wp.com\/fondazione.cc\/fcc\/wp-content\/uploads\/2025\/06\/vignette-site.jpg?resize=1240%2C1240&#038;ssl=1\" class=\"attachment-post-thumbnail size-post-thumbnail wp-post-image\" alt=\"ORA Marie Losier\" style=\"border-radius:100%;object-fit:cover;\" srcset=\"https:\/\/i0.wp.com\/fondazione.cc\/fcc\/wp-content\/uploads\/2025\/06\/vignette-site.jpg?w=1240&amp;ssl=1 1240w, https:\/\/i0.wp.com\/fondazione.cc\/fcc\/wp-content\/uploads\/2025\/06\/vignette-site.jpg?resize=300%2C300&amp;ssl=1 300w, https:\/\/i0.wp.com\/fondazione.cc\/fcc\/wp-content\/uploads\/2025\/06\/vignette-site.jpg?resize=1024%2C1024&amp;ssl=1 1024w, https:\/\/i0.wp.com\/fondazione.cc\/fcc\/wp-content\/uploads\/2025\/06\/vignette-site.jpg?resize=150%2C150&amp;ssl=1 150w, https:\/\/i0.wp.com\/fondazione.cc\/fcc\/wp-content\/uploads\/2025\/06\/vignette-site.jpg?resize=768%2C768&amp;ssl=1 768w, https:\/\/i0.wp.com\/fondazione.cc\/fcc\/wp-content\/uploads\/2025\/06\/vignette-site.jpg?resize=50%2C50&amp;ssl=1 50w\" sizes=\"auto, (max-width: 1000px) 100vw, 1000px\" data-attachment-id=\"4782\" data-permalink=\"https:\/\/fondazione.cc\/fr\/ora-fr\/ora-marie-losier-fr\/attachment\/vignette-site\/\" data-orig-file=\"https:\/\/i0.wp.com\/fondazione.cc\/fcc\/wp-content\/uploads\/2025\/06\/vignette-site.jpg?fit=1240%2C1240&amp;ssl=1\" data-orig-size=\"1240,1240\" data-comments-opened=\"1\" data-image-meta=\"{&quot;aperture&quot;:&quot;0&quot;,&quot;credit&quot;:&quot;&quot;,&quot;camera&quot;:&quot;&quot;,&quot;caption&quot;:&quot;&quot;,&quot;created_timestamp&quot;:&quot;0&quot;,&quot;copyright&quot;:&quot;&quot;,&quot;focal_length&quot;:&quot;0&quot;,&quot;iso&quot;:&quot;0&quot;,&quot;shutter_speed&quot;:&quot;0&quot;,&quot;title&quot;:&quot;&quot;,&quot;orientation&quot;:&quot;1&quot;}\" data-image-title=\"vignette site\" data-image-description=\"\" data-image-caption=\"\" data-large-file=\"https:\/\/i0.wp.com\/fondazione.cc\/fcc\/wp-content\/uploads\/2025\/06\/vignette-site.jpg?fit=1024%2C1024&amp;ssl=1\" \/><\/a><\/figure>\n\n<h5 style=\"font-size:1.4rem;font-style:normal;font-weight:100; padding-top:0;padding-bottom:0;margin-top:var(--wp--preset--spacing--20);margin-bottom:var(--wp--preset--spacing--20);\" class=\"has-text-align-center wp-block-post-title\"><a href=\"https:\/\/fondazione.cc\/fr\/ora-fr\/ora-marie-losier-fr\/\" target=\"_self\" >ORA Marie Losier<\/a><\/h5>\n<\/li><li class=\"wp-block-post post-4004 post type-post status-publish format-standard has-post-thumbnail hentry category-ora-fr\">\n<figure class=\"wp-block-post-featured-image\"><a href=\"https:\/\/fondazione.cc\/fr\/ora-fr\/ora-friedrich-andreoni-fr\/\" target=\"_self\"  ><img data-recalc-dims=\"1\" loading=\"lazy\" decoding=\"async\" width=\"1300\" height=\"1300\" src=\"https:\/\/i0.wp.com\/fondazione.cc\/fcc\/wp-content\/uploads\/2025\/06\/Installation-view-Friedrich-Andreoni-Sabr-2024-Chateau-Musee-de-Nemours-with-Fondazione-Claudia-Cardinale.-Photo-%C2%A9-Curtesy-of-the-artist-1-2.jpg?resize=1300%2C1300&#038;ssl=1\" class=\"attachment-post-thumbnail size-post-thumbnail wp-post-image\" alt=\"ORA FRIEDRICH ANDREONI\" style=\"border-radius:100%;object-fit:cover;\" srcset=\"https:\/\/i0.wp.com\/fondazione.cc\/fcc\/wp-content\/uploads\/2025\/06\/Installation-view-Friedrich-Andreoni-Sabr-2024-Chateau-Musee-de-Nemours-with-Fondazione-Claudia-Cardinale.-Photo-%C2%A9-Curtesy-of-the-artist-1-2.jpg?w=1300&amp;ssl=1 1300w, https:\/\/i0.wp.com\/fondazione.cc\/fcc\/wp-content\/uploads\/2025\/06\/Installation-view-Friedrich-Andreoni-Sabr-2024-Chateau-Musee-de-Nemours-with-Fondazione-Claudia-Cardinale.-Photo-%C2%A9-Curtesy-of-the-artist-1-2.jpg?resize=300%2C300&amp;ssl=1 300w, https:\/\/i0.wp.com\/fondazione.cc\/fcc\/wp-content\/uploads\/2025\/06\/Installation-view-Friedrich-Andreoni-Sabr-2024-Chateau-Musee-de-Nemours-with-Fondazione-Claudia-Cardinale.-Photo-%C2%A9-Curtesy-of-the-artist-1-2.jpg?resize=1024%2C1024&amp;ssl=1 1024w, https:\/\/i0.wp.com\/fondazione.cc\/fcc\/wp-content\/uploads\/2025\/06\/Installation-view-Friedrich-Andreoni-Sabr-2024-Chateau-Musee-de-Nemours-with-Fondazione-Claudia-Cardinale.-Photo-%C2%A9-Curtesy-of-the-artist-1-2.jpg?resize=150%2C150&amp;ssl=1 150w, https:\/\/i0.wp.com\/fondazione.cc\/fcc\/wp-content\/uploads\/2025\/06\/Installation-view-Friedrich-Andreoni-Sabr-2024-Chateau-Musee-de-Nemours-with-Fondazione-Claudia-Cardinale.-Photo-%C2%A9-Curtesy-of-the-artist-1-2.jpg?resize=768%2C768&amp;ssl=1 768w, https:\/\/i0.wp.com\/fondazione.cc\/fcc\/wp-content\/uploads\/2025\/06\/Installation-view-Friedrich-Andreoni-Sabr-2024-Chateau-Musee-de-Nemours-with-Fondazione-Claudia-Cardinale.-Photo-%C2%A9-Curtesy-of-the-artist-1-2.jpg?resize=50%2C50&amp;ssl=1 50w\" sizes=\"auto, (max-width: 1000px) 100vw, 1000px\" data-attachment-id=\"3698\" data-permalink=\"https:\/\/fondazione.cc\/fr\/installation-view-friedrich-andreoni-sabr-2024-chateau-musee-de-nemours-with-fondazione-claudia-cardinale-photo-curtesy-of-the-artist-1-2-2\/\" data-orig-file=\"https:\/\/i0.wp.com\/fondazione.cc\/fcc\/wp-content\/uploads\/2025\/06\/Installation-view-Friedrich-Andreoni-Sabr-2024-Chateau-Musee-de-Nemours-with-Fondazione-Claudia-Cardinale.-Photo-%C2%A9-Curtesy-of-the-artist-1-2.jpg?fit=1300%2C1300&amp;ssl=1\" data-orig-size=\"1300,1300\" data-comments-opened=\"1\" data-image-meta=\"{&quot;aperture&quot;:&quot;0&quot;,&quot;credit&quot;:&quot;&quot;,&quot;camera&quot;:&quot;&quot;,&quot;caption&quot;:&quot;&quot;,&quot;created_timestamp&quot;:&quot;0&quot;,&quot;copyright&quot;:&quot;&quot;,&quot;focal_length&quot;:&quot;0&quot;,&quot;iso&quot;:&quot;0&quot;,&quot;shutter_speed&quot;:&quot;0&quot;,&quot;title&quot;:&quot;&quot;,&quot;orientation&quot;:&quot;1&quot;}\" data-image-title=\"Installation-view-Friedrich-Andreoni-Sabr-2024-Chateau-Musee-de-Nemours-with-Fondazione-Claudia-Cardinale.-Photo-\u00a9-Curtesy-of-the-artist-1\" data-image-description=\"\" data-image-caption=\"\" data-large-file=\"https:\/\/i0.wp.com\/fondazione.cc\/fcc\/wp-content\/uploads\/2025\/06\/Installation-view-Friedrich-Andreoni-Sabr-2024-Chateau-Musee-de-Nemours-with-Fondazione-Claudia-Cardinale.-Photo-%C2%A9-Curtesy-of-the-artist-1-2.jpg?fit=1024%2C1024&amp;ssl=1\" \/><\/a><\/figure>\n\n<h5 style=\"font-size:1.4rem;font-style:normal;font-weight:100; padding-top:0;padding-bottom:0;margin-top:var(--wp--preset--spacing--20);margin-bottom:var(--wp--preset--spacing--20);\" class=\"has-text-align-center wp-block-post-title\"><a href=\"https:\/\/fondazione.cc\/fr\/ora-fr\/ora-friedrich-andreoni-fr\/\" target=\"_self\" >ORA FRIEDRICH ANDREONI<\/a><\/h5>\n<\/li><\/ul><\/div>\n\n\n\n<p><\/p>\n","protected":false},"excerpt":{"rendered":"<p>ORA ORA ouvre la porte de l\u2019oratoire du ch\u00e2teau-Mus\u00e9e de Nemours aux artistes contemporains. Le partenariat entre le Ch\u00e2teau-Mus\u00e9e de Nemours et la&nbsp;Fondazione Claudia Cardinale&nbsp;&#8211; bas\u00e9e \u00e0 Nemours &#8211; est n\u00e9 du d\u00e9sir partag\u00e9 entre la ville de Nemours, le directeur J\u00e9r\u00f4me Fourmanoir et la Fondazione, d\u2019ouvrir \u00e0 la cr\u00e9ation contemporaine un lieu embl\u00e9matique du [&hellip;]<\/p>\n","protected":false},"author":2,"featured_media":3655,"parent":0,"menu_order":0,"comment_status":"closed","ping_status":"closed","template":"","meta":{"give_campaign_id":0,"footnotes":""},"class_list":["post-3394","page","type-page","status-publish","has-post-thumbnail","hentry"],"campaignId":"","featured_image_src":"https:\/\/fondazione.cc\/fcc\/wp-content\/uploads\/2025\/06\/Screenshot-2025-06-20-at-11.21.41.png","featured_image_src_square":"https:\/\/fondazione.cc\/fcc\/wp-content\/uploads\/2025\/06\/Screenshot-2025-06-20-at-11.21.41.png","rbea_author_info":{"display_name":"Perrine Gamot","author_link":"https:\/\/fondazione.cc\/fr\/author\/perrine_gamot\/"},"rbea_excerpt_info":"ORA ORA ouvre la porte de l\u2019oratoire du ch\u00e2teau-Mus\u00e9e de Nemours aux artistes contemporains. Le partenariat entre le Ch\u00e2teau-Mus\u00e9e de Nemours et la&nbsp;Fondazione Claudia Cardinale&nbsp;&#8211; bas\u00e9e \u00e0 Nemours &#8211; est n\u00e9 du d\u00e9sir partag\u00e9 entre la ville de Nemours, le directeur J\u00e9r\u00f4me Fourmanoir et la Fondazione, d\u2019ouvrir \u00e0 la cr\u00e9ation contemporaine un lieu embl\u00e9matique du [&hellip;]","jetpack_sharing_enabled":true,"_links":{"self":[{"href":"https:\/\/fondazione.cc\/fr\/wp-json\/wp\/v2\/pages\/3394","targetHints":{"allow":["GET"]}}],"collection":[{"href":"https:\/\/fondazione.cc\/fr\/wp-json\/wp\/v2\/pages"}],"about":[{"href":"https:\/\/fondazione.cc\/fr\/wp-json\/wp\/v2\/types\/page"}],"author":[{"embeddable":true,"href":"https:\/\/fondazione.cc\/fr\/wp-json\/wp\/v2\/users\/2"}],"replies":[{"embeddable":true,"href":"https:\/\/fondazione.cc\/fr\/wp-json\/wp\/v2\/comments?post=3394"}],"version-history":[{"count":14,"href":"https:\/\/fondazione.cc\/fr\/wp-json\/wp\/v2\/pages\/3394\/revisions"}],"predecessor-version":[{"id":4435,"href":"https:\/\/fondazione.cc\/fr\/wp-json\/wp\/v2\/pages\/3394\/revisions\/4435"}],"wp:featuredmedia":[{"embeddable":true,"href":"https:\/\/fondazione.cc\/fr\/wp-json\/wp\/v2\/media\/3655"}],"wp:attachment":[{"href":"https:\/\/fondazione.cc\/fr\/wp-json\/wp\/v2\/media?parent=3394"}],"curies":[{"name":"wp","href":"https:\/\/api.w.org\/{rel}","templated":true}]}}