{"id":3279,"date":"2025-01-24T15:30:54","date_gmt":"2025-01-24T14:30:54","guid":{"rendered":"https:\/\/fondazione.cc\/?page_id=3279"},"modified":"2025-07-25T17:50:30","modified_gmt":"2025-07-25T16:50:30","slug":"les-amis-de-la-fondazione-claudia-cardinale","status":"publish","type":"page","link":"https:\/\/fondazione.cc\/fr\/les-amis-de-la-fondazione-claudia-cardinale\/","title":{"rendered":"Les D\u00e9versoirs"},"content":{"rendered":"\n<h5 class=\"wp-block-heading\" style=\"font-size:2rem\"><em>Les<\/em> <em>D\u00e9ver<\/em>soirs, Les rendez-vous artistiques INTIMISTEs au Picardeau<\/h5>\n\n\n\n<p><em>Les D\u00e9ver<\/em>soirs<strong> <\/strong>sont des propositions artistiques ouvrant sur des univers singuliers qui exp\u00e9rimentent les formes du cin\u00e9ma, de performance, de la musique ou encore de la po\u00e9sie. Ils donnent l\u2019occasion au public de rencontrer des artistes le temps d\u2019une proposition imagin\u00e9e pour l\u2019occasion ou fruit d\u2019un temps de r\u00e9sidence \u00e0 la Fondazione.\u00a0<\/p>\n\n\n\n<p>Ces rendez-vous r\u00e9guliers du dimanche, en entr\u00e9e libre et gratuite, se d\u00e9ploient dans format contenu d\u2019environ une heure et une mise en sc\u00e8ne minimaliste qui offrent au public un temps de l\u00e9g\u00e8ret\u00e9 po\u00e9tique, tout en conservant une exigence artistique. Chaque s\u00e9ance est \u00e9labor\u00e9e conjointement entre l\u2019artiste et la Fondazione, comme un temps de partage exclusif et authentique par l\u2019artiste de son travail, dans le cadre intimiste des jardins et du restaurant Le Picardeau, si\u00e8ge de la Fondazione Claudia Cardinale.<\/p>\n\n\n\n<p>Les <em>D\u00e9ver<\/em>soirs sont organis\u00e9s avec le soutien de l&rsquo;association Les Amis de la Fondazione Claudia Cardinale, qui a \u00e9t\u00e9 cr\u00e9\u00e9e pour \u0153uvrer aux c\u00f4t\u00e9s de la Fondazione \u00e0 d\u00e9velopper des projets artistiques et culturels locaux et gratuit qui favorisent le lien social avec les habitants du territoire de Nemours et du Sud Seine-et-Marne.<\/p>\n\n\n\n<h2 class=\"wp-block-heading\" style=\"font-size:2rem\">Manuel Maria Perrone<\/h2>\n\n\n\n<p>En juin 2024, le r\u00e9alisateur et performeur Manuel Maria Perrone et le musicien et compositeur Frank Williams ont offert au public un \u00e9v\u00e9nement cin\u00e9matographique et musical \u00e0 la <em>Fondazione<\/em>.<\/p>\n\n\n\n<p>Une s\u00e9l\u00e9ction de 5 films courts: <em>Golconda, Amen, Study on a Case of Old Age,<\/em> <em>Dreams of Opportunity<\/em> et<em> A Cardinal Woman<\/em>, le portrait po\u00e9tique de Claudia Cardinale produit par la <em>Fondazione<\/em> ont \u00e9t\u00e9 pr\u00e9sent\u00e9 par leur auteur et la soir\u00e9e mise en musique par Frank Williams, compositeur de nombreuses musiques des films de Perrone.<\/p>\n\n\n\n<p><em><a href=\"https:\/\/www.facebook.com\/almereyda?__cft__[0]=AZVQKiZKxiLR7KFy3QMhowelTLfDGAHCc-QU5cMr9TvcsfM6JMwMTKaY8YdmmpfixFB3ma6js9ptSed5zw44Zaf5sHzo3OSWPPJxwH3Nl9sHv_6_yuLCk80p-IZ6ttgKMGlJsQ3rUG3dQeiKCVnGo-5EsaiB8esu_UXiHcX2gR_e8-OLFyUoB1BZwHCOptgy2IbOmZjrbma1y0nNJVgd19TFxUwTbhJN8D4pHrtxRM3TWg&amp;__tn__=-]K-R\">Manuel Maria Perrone<\/a> <\/em>travaille entre la France, l&rsquo;Italie et la Suisse en tant que r\u00e9alisateur et sc\u00e9nariste pour le cin\u00e9ma, le th\u00e9\u00e2tre et la radio. Ses \u0153uvres ont \u00e9t\u00e9 pr\u00e9sent\u00e9es au MoMA de New York, et dans de nombreux festivals dont la Quinzaine des r\u00e9alisateurs de Cannes, et la Villa M\u00e9dicis de Rome. \u00c0 travers ses diff\u00e9rents m\u00e9diums artistiques, il explore des th\u00e8mes tels que l&rsquo;animisme et les fant\u00f4mes, la relation conflictuelle entre l&rsquo;homme et la nature, la liturgie et le grotesque, ainsi que son histoire personnelle en tant qu&rsquo;artiste suisse et napolitain.<\/p>\n\n\n\n<p><em><a href=\"https:\/\/www.facebook.com\/frank.williams.56679015\" data-type=\"link\" data-id=\"https:\/\/www.facebook.com\/frank.williams.56679015\">Frank Williams<\/a> <\/em>vient tout droit du mouvement punk et de la sc\u00e8ne alternative parisienne. Com\u00e9dien et auteur-compositeur pour le cin\u00e9ma et le th\u00e9\u00e2tre contemporains, il collabore avec l&rsquo;interpr\u00e8te Fantazio, et la r\u00e9alisatrice Justine Triet. Il est le fondateur de plusieurs groupes de musique, dont le duo Williams Traffic avec Nicolas Kantorowicz, ainsi que le groupe Frank Williams &amp; The Ghost Dance.<\/p>\n\n\n\n<figure class=\"wp-block-embed alignwide is-type-video is-provider-vimeo wp-block-embed-vimeo wp-embed-aspect-16-9 wp-has-aspect-ratio\"><div class=\"wp-block-embed__wrapper\">\n<iframe loading=\"lazy\" title=\"D\u00e9versoir #2\" src=\"https:\/\/player.vimeo.com\/video\/1031963981?dnt=1&amp;app_id=122963\" width=\"500\" height=\"281\" frameborder=\"0\" allow=\"autoplay; fullscreen; picture-in-picture; clipboard-write; encrypted-media; web-share\" referrerpolicy=\"strict-origin-when-cross-origin\"><\/iframe>\n<\/div><\/figure>\n\n\n\n<p><\/p>\n\n\n\n<h2 class=\"wp-block-heading\" style=\"font-size:2rem\">Vincent Moon<\/h2>\n\n\n\n<p>En avril 2024, Vincent Moon a propos\u00e9 une session \u00ab\u00a0live cinema\u00a0\u00bb \u00e0 la <em>Fondazione<\/em>.<\/p>\n\n\n\n<p>Comme un appel \u00e0 l&rsquo;inconscient personnel qui se cache derri\u00e8re nos images collectives, Vincent Moon se consacre \u00e0 une recherche au long cours sur la transe contemporaine. Dans chacune de ses performances improvis\u00e9es \u00ab extraordinaires \u00bb, l&rsquo;artiste m\u00eale des images en direct et leurs sons issus de rituels spirituels captur\u00e9s dans le monde entier. Il puise dans les tr\u00e9sors in\u00e9puisables de ses enregistrements cin\u00e9matographiques et musicaux r\u00e9alis\u00e9s au cours de ses innombrables voyages, parmi les peuples et les terres d&rsquo;un ailleurs lointain ou proche mais qui nous invite toujours \u00e0 sortir de notre routine et simplement \u00e0 nous sortir de nous-m\u00eame.<\/p>\n\n\n\n<p>Son univers po\u00e9tique fait ainsi l&rsquo;impasse sur la voix off, et les documents sonores et images qui composent ses spectacles ne pr\u00e9sentent aucune information, aucun commentaire didactique : car ce qui compte dans cette exp\u00e9rience, c&rsquo;est de laisser vagabonder l&rsquo;imaginaire, d&#8217;emprunter des chemins libres. Un monde fait de rencontres et de co\u00efncidences myst\u00e9rieuses et fructueuses, anim\u00e9 par le go\u00fbt de l&rsquo;impromptu et parfois du hasard.<\/p>\n\n\n\n<p>Chaque s\u00e9ance reste donc unique et n&rsquo;existe que dans l&rsquo;instant, chaque exp\u00e9rience cin\u00e9matographique ne peut donc \u00eatre imit\u00e9e ou reproduite.<\/p>\n\n\n\n<p><bdo lang=\"english\" dir=\"ltr\"><bdo lang=\"english\" dir=\"ltr\"><\/bdo><\/bdo><a href=\"https:\/\/www.vincentmoon.com\/\" data-type=\"link\" data-id=\"https:\/\/www.vincentmoon.com\/\">Vincent Moon<\/a> est un cin\u00e9aste ind\u00e9pendant et un explorateur sonore. Il r\u00e9alise des films depuis une vingtaine d&rsquo;ann\u00e9es, parcourant le monde \u00e0 la recherche de sons, de la musique rock des stades aux rituels chamaniques rares, des exp\u00e9rimentations en \u00e9lectronique aux chansons de village a cappella. Il explore aujourd&rsquo;hui les liens entre les anciennes et les nouvelles formes de c\u00e9r\u00e9monies. Tout son travail est partag\u00e9 en open source.<\/p>\n\n\n\n<p><\/p>\n\n\n\n<p><\/p>\n\n\n\n<p><\/p>\n","protected":false},"excerpt":{"rendered":"<p>Les D\u00e9versoirs, Les rendez-vous artistiques INTIMISTEs au Picardeau Les D\u00e9versoirs sont des propositions artistiques ouvrant sur des univers singuliers qui exp\u00e9rimentent les formes du cin\u00e9ma, de performance, de la musique ou encore de la po\u00e9sie. Ils donnent l\u2019occasion au public de rencontrer des artistes le temps d\u2019une proposition imagin\u00e9e pour l\u2019occasion ou fruit d\u2019un temps [&hellip;]<\/p>\n","protected":false},"author":2,"featured_media":0,"parent":0,"menu_order":0,"comment_status":"closed","ping_status":"closed","template":"","meta":{"give_campaign_id":0,"footnotes":""},"class_list":["post-3279","page","type-page","status-publish","hentry"],"campaignId":"","featured_image_src":"","featured_image_src_square":false,"rbea_author_info":{"display_name":"Perrine Gamot","author_link":"https:\/\/fondazione.cc\/fr\/author\/perrine_gamot\/"},"rbea_excerpt_info":"Les D\u00e9versoirs, Les rendez-vous artistiques INTIMISTEs au Picardeau Les D\u00e9versoirs sont des propositions artistiques ouvrant sur des univers singuliers qui exp\u00e9rimentent les formes du cin\u00e9ma, de performance, de la musique ou encore de la po\u00e9sie. Ils donnent l\u2019occasion au public de rencontrer des artistes le temps d\u2019une proposition imagin\u00e9e pour l\u2019occasion ou fruit d\u2019un temps [&hellip;]","jetpack_sharing_enabled":true,"_links":{"self":[{"href":"https:\/\/fondazione.cc\/fr\/wp-json\/wp\/v2\/pages\/3279","targetHints":{"allow":["GET"]}}],"collection":[{"href":"https:\/\/fondazione.cc\/fr\/wp-json\/wp\/v2\/pages"}],"about":[{"href":"https:\/\/fondazione.cc\/fr\/wp-json\/wp\/v2\/types\/page"}],"author":[{"embeddable":true,"href":"https:\/\/fondazione.cc\/fr\/wp-json\/wp\/v2\/users\/2"}],"replies":[{"embeddable":true,"href":"https:\/\/fondazione.cc\/fr\/wp-json\/wp\/v2\/comments?post=3279"}],"version-history":[{"count":4,"href":"https:\/\/fondazione.cc\/fr\/wp-json\/wp\/v2\/pages\/3279\/revisions"}],"predecessor-version":[{"id":4341,"href":"https:\/\/fondazione.cc\/fr\/wp-json\/wp\/v2\/pages\/3279\/revisions\/4341"}],"wp:attachment":[{"href":"https:\/\/fondazione.cc\/fr\/wp-json\/wp\/v2\/media?parent=3279"}],"curies":[{"name":"wp","href":"https:\/\/api.w.org\/{rel}","templated":true}]}}