{"id":3277,"date":"2025-01-24T15:19:59","date_gmt":"2025-01-24T14:19:59","guid":{"rendered":"https:\/\/fondazione.cc\/?page_id=3277"},"modified":"2025-07-30T13:10:57","modified_gmt":"2025-07-30T12:10:57","slug":"residence-dartiste-2-marie-losier","status":"publish","type":"page","link":"https:\/\/fondazione.cc\/fr\/residence-dartiste-2-marie-losier\/","title":{"rendered":"In Situ"},"content":{"rendered":"\n<h5 class=\"wp-block-heading\" style=\"font-size:2.2rem\"><em>In Situ<\/em>, accompagne la production d\u2019une oeuvre.<\/h5>\n\n\n\n<h2 class=\"wp-block-heading\" style=\"font-size:2rem\">Marie Losier<\/h2>\n\n\n\n<p>La <em>Fondazione Claudia Cardinale<\/em> a invit\u00e9 l&rsquo;artiste et r\u00e9alisatrice inclassable <a href=\"https:\/\/www.facebook.com\/marielosier?__cft__%25255B0%25255D=AZUZXxjHKPr11MVNG7WdiXUlOKzDEVHjI7PbktPcf5tYBTOjXiwLIBNjju-W-PulOE137RjX3q-ZGgEGe9ALrgl4FzVhvcijQxjjenXoCjjZNJXVHpuZyu6_TmwzTPTXPr5Oyka_m3_Tvq54baU_aN7mXIQUf0yQ2sWI2uDCuVnTWzN6OALS-3rYfzqaUcqbYwq10pCHARny9R3xW128waAi&amp;__tn__=-%25255DK-R\">Marie Losier<\/a> pour une r\u00e9sidence de production \u00e0 l&rsquo;\u00e9t\u00e9 2024. Lors de son s\u00e9jour au Picardeau, avec son compagnon et performeur Simon Fravega, Marie Losier poursuit son travail de portraitiste, invitant amis, famille et idoles dans un tourbillon de joie et d&rsquo;imagination. Ici, elle a \u00e9t\u00e9 inspir\u00e9e par la pr\u00e9sence de l&rsquo;actrice Claudia Cardinale, qui a influenc\u00e9 sa propre culture cin\u00e9matographique, qu&rsquo;elle a photographi\u00e9e dans son lieu de vie, entour\u00e9e d&rsquo;amis et de membres de sa famille, de toutes les g\u00e9n\u00e9rations. Les mises en sc\u00e8ne, \u00e0 la fois baroque et champ\u00eatre, m\u00eale objets du quotidien et robes de haute couture<\/p>\n\n\n\n<p>La <em>Fondazione<\/em> a souhait\u00e9 soutenir une part moins connue de l&rsquo;\u0153uvre de Marie Losier, celle de sa production photographique, qui s&rsquo;inscrit dans une d\u00e9marche structurante, qui oscille entre projets au long cours et \u00e9lans cr\u00e9atifs spontan\u00e9s \u00e0 travers le dessin, la photographie et la performance.<\/p>\n\n\n\n<div class=\"wp-block-jetpack-slideshow aligncenter\" data-effect=\"slide\"><div class=\"wp-block-jetpack-slideshow_container swiper-container\"><ul class=\"wp-block-jetpack-slideshow_swiper-wrapper swiper-wrapper\"><li class=\"wp-block-jetpack-slideshow_slide swiper-slide\"><figure><img data-recalc-dims=\"1\" loading=\"lazy\" decoding=\"async\" width=\"2164\" height=\"696\" alt=\"\" class=\"wp-block-jetpack-slideshow_image wp-image-3059\" data-id=\"3059\" src=\"https:\/\/i0.wp.com\/fondazione.cc\/fcc\/wp-content\/uploads\/2024\/11\/ML_3imagesBIS.png?resize=2164%2C696&#038;ssl=1\" srcset=\"https:\/\/i0.wp.com\/fondazione.cc\/fcc\/wp-content\/uploads\/2024\/11\/ML_3imagesBIS.png?w=2164&amp;ssl=1 2164w, https:\/\/i0.wp.com\/fondazione.cc\/fcc\/wp-content\/uploads\/2024\/11\/ML_3imagesBIS.png?resize=300%2C96&amp;ssl=1 300w, https:\/\/i0.wp.com\/fondazione.cc\/fcc\/wp-content\/uploads\/2024\/11\/ML_3imagesBIS.png?resize=1024%2C329&amp;ssl=1 1024w, https:\/\/i0.wp.com\/fondazione.cc\/fcc\/wp-content\/uploads\/2024\/11\/ML_3imagesBIS.png?resize=768%2C247&amp;ssl=1 768w, https:\/\/i0.wp.com\/fondazione.cc\/fcc\/wp-content\/uploads\/2024\/11\/ML_3imagesBIS.png?resize=1536%2C494&amp;ssl=1 1536w, https:\/\/i0.wp.com\/fondazione.cc\/fcc\/wp-content\/uploads\/2024\/11\/ML_3imagesBIS.png?resize=2048%2C659&amp;ssl=1 2048w\" sizes=\"(max-width: 1000px) 100vw, 1000px\" \/><figcaption class=\"wp-block-jetpack-slideshow_caption gallery-caption\">Photographies par Marie Losier, 2024<\/figcaption><\/figure><\/li><li class=\"wp-block-jetpack-slideshow_slide swiper-slide\"><figure><img data-recalc-dims=\"1\" loading=\"lazy\" decoding=\"async\" width=\"2056\" height=\"676\" alt=\"\" class=\"wp-block-jetpack-slideshow_image wp-image-3259\" data-id=\"3259\" src=\"https:\/\/i0.wp.com\/fondazione.cc\/fcc\/wp-content\/uploads\/2025\/01\/ML_3images.png?resize=2056%2C676&#038;ssl=1\" srcset=\"https:\/\/i0.wp.com\/fondazione.cc\/fcc\/wp-content\/uploads\/2025\/01\/ML_3images.png?w=2056&amp;ssl=1 2056w, https:\/\/i0.wp.com\/fondazione.cc\/fcc\/wp-content\/uploads\/2025\/01\/ML_3images.png?resize=300%2C99&amp;ssl=1 300w, https:\/\/i0.wp.com\/fondazione.cc\/fcc\/wp-content\/uploads\/2025\/01\/ML_3images.png?resize=1024%2C337&amp;ssl=1 1024w, https:\/\/i0.wp.com\/fondazione.cc\/fcc\/wp-content\/uploads\/2025\/01\/ML_3images.png?resize=768%2C253&amp;ssl=1 768w, https:\/\/i0.wp.com\/fondazione.cc\/fcc\/wp-content\/uploads\/2025\/01\/ML_3images.png?resize=1536%2C505&amp;ssl=1 1536w, https:\/\/i0.wp.com\/fondazione.cc\/fcc\/wp-content\/uploads\/2025\/01\/ML_3images.png?resize=2048%2C673&amp;ssl=1 2048w\" sizes=\"(max-width: 1000px) 100vw, 1000px\" \/><figcaption class=\"wp-block-jetpack-slideshow_caption gallery-caption\">Photographies par Marie Losier, 2024<\/figcaption><\/figure><\/li><\/ul><a class=\"wp-block-jetpack-slideshow_button-prev swiper-button-prev swiper-button-white\" role=\"button\"><\/a><a class=\"wp-block-jetpack-slideshow_button-next swiper-button-next swiper-button-white\" role=\"button\"><\/a><a aria-label=\"Pause Slideshow\" class=\"wp-block-jetpack-slideshow_button-pause\" role=\"button\"><\/a><div class=\"wp-block-jetpack-slideshow_pagination swiper-pagination swiper-pagination-white\"><\/div><\/div><\/div>\n\n\n\n<p>Marie Losier, en tant que cin\u00e9aste et artiste, d\u00e9veloppe son travail \u00e0 travers la peinture, le dessin, la sculpture et l&rsquo;installation vid\u00e9o. Elle a r\u00e9alis\u00e9 de nombreux portraits avant-gardistes, intimes, po\u00e9tiques et ludiques d&rsquo;artistes et de figures de la sc\u00e8ne ind\u00e9pendante, toujours d\u00e9cal\u00e9s et color\u00e9s. Son travail est pr\u00e9sent\u00e9 dans de nombreux festivals et mus\u00e9es en France et dans le monde.<\/p>\n\n\n\n<p>Apr\u00e8s 17 ans de travail, son film consacr\u00e9 \u00e0 la musicienne Peaches, intitul\u00e9 <em>Peaches Goes Bananas! <\/em>co-produit par Tamara Films and Michigan Films, a \u00e9t\u00e9 pr\u00e9sent\u00e9 en premi\u00e8re mondiale \u00e0 la Mostra del Cinema de Venise, en ao\u00fbt 2024. <em>Barking in the Dark<\/em> un portrait du groupe de musique embl\u00e9matique The Resident, produit par Barberousse-Film, a \u00e9t\u00e9 pr\u00e9sent\u00e9 en avant-premi\u00e8re au festival du film de Rotterdam en f\u00e9vrier 2025.<\/p>\n\n\n\n<p>Marie Losier est repr\u00e9sent\u00e9e par la <a href=\"https:\/\/galerieannebarrault.com\/artiste\/marie-losier\/\">Gallerie Anne Barreau<\/a> \u2013 Paris.<\/p>\n\n\n\n<div class=\"wp-block-group is-layout-constrained wp-block-group-is-layout-constrained\" style=\"padding-top:0vh\">\n<div class=\"wp-block-jetpack-slideshow aligncenter\" data-effect=\"slide\"><div class=\"wp-block-jetpack-slideshow_container swiper-container\"><ul class=\"wp-block-jetpack-slideshow_swiper-wrapper swiper-wrapper\"><li class=\"wp-block-jetpack-slideshow_slide swiper-slide\"><figure><img data-recalc-dims=\"1\" loading=\"lazy\" decoding=\"async\" width=\"945\" height=\"629\" alt=\"\" class=\"wp-block-jetpack-slideshow_image wp-image-3180\" data-id=\"3180\" src=\"https:\/\/i0.wp.com\/fondazione.cc\/fcc\/wp-content\/uploads\/2024\/11\/2024_07_29_MarieLosier_ResidencePicardeau-24-4.jpg?resize=945%2C629&#038;ssl=1\" srcset=\"https:\/\/i0.wp.com\/fondazione.cc\/fcc\/wp-content\/uploads\/2024\/11\/2024_07_29_MarieLosier_ResidencePicardeau-24-4.jpg?w=945&amp;ssl=1 945w, https:\/\/i0.wp.com\/fondazione.cc\/fcc\/wp-content\/uploads\/2024\/11\/2024_07_29_MarieLosier_ResidencePicardeau-24-4.jpg?resize=300%2C200&amp;ssl=1 300w, https:\/\/i0.wp.com\/fondazione.cc\/fcc\/wp-content\/uploads\/2024\/11\/2024_07_29_MarieLosier_ResidencePicardeau-24-4.jpg?resize=768%2C511&amp;ssl=1 768w\" sizes=\"(max-width: 945px) 100vw, 945px\" \/><figcaption class=\"wp-block-jetpack-slideshow_caption gallery-caption\">Making-off, photography by Antoine Mermet \/Hans Lucas, 2024<\/figcaption><\/figure><\/li><li class=\"wp-block-jetpack-slideshow_slide swiper-slide\"><figure><img data-recalc-dims=\"1\" loading=\"lazy\" decoding=\"async\" width=\"945\" height=\"629\" alt=\"\" class=\"wp-block-jetpack-slideshow_image wp-image-3176\" data-id=\"3176\" src=\"https:\/\/i0.wp.com\/fondazione.cc\/fcc\/wp-content\/uploads\/2024\/11\/2024_07_29_MarieLosier_ResidencePicardeau-14-4.jpg?resize=945%2C629&#038;ssl=1\" srcset=\"https:\/\/i0.wp.com\/fondazione.cc\/fcc\/wp-content\/uploads\/2024\/11\/2024_07_29_MarieLosier_ResidencePicardeau-14-4.jpg?w=945&amp;ssl=1 945w, https:\/\/i0.wp.com\/fondazione.cc\/fcc\/wp-content\/uploads\/2024\/11\/2024_07_29_MarieLosier_ResidencePicardeau-14-4.jpg?resize=300%2C200&amp;ssl=1 300w, https:\/\/i0.wp.com\/fondazione.cc\/fcc\/wp-content\/uploads\/2024\/11\/2024_07_29_MarieLosier_ResidencePicardeau-14-4.jpg?resize=768%2C511&amp;ssl=1 768w\" sizes=\"(max-width: 945px) 100vw, 945px\" \/><figcaption class=\"wp-block-jetpack-slideshow_caption gallery-caption\">Making-off, photography by Antoine Mermet \/Hans Lucas, 2024<\/figcaption><\/figure><\/li><li class=\"wp-block-jetpack-slideshow_slide swiper-slide\"><figure><img data-recalc-dims=\"1\" loading=\"lazy\" decoding=\"async\" width=\"945\" height=\"629\" alt=\"\" class=\"wp-block-jetpack-slideshow_image wp-image-3184\" data-id=\"3184\" src=\"https:\/\/i0.wp.com\/fondazione.cc\/fcc\/wp-content\/uploads\/2024\/11\/2024_07_29_MarieLosier_ResidencePicardeau-2-4.jpg?resize=945%2C629&#038;ssl=1\" srcset=\"https:\/\/i0.wp.com\/fondazione.cc\/fcc\/wp-content\/uploads\/2024\/11\/2024_07_29_MarieLosier_ResidencePicardeau-2-4.jpg?w=945&amp;ssl=1 945w, https:\/\/i0.wp.com\/fondazione.cc\/fcc\/wp-content\/uploads\/2024\/11\/2024_07_29_MarieLosier_ResidencePicardeau-2-4.jpg?resize=300%2C200&amp;ssl=1 300w, https:\/\/i0.wp.com\/fondazione.cc\/fcc\/wp-content\/uploads\/2024\/11\/2024_07_29_MarieLosier_ResidencePicardeau-2-4.jpg?resize=768%2C511&amp;ssl=1 768w\" sizes=\"(max-width: 945px) 100vw, 945px\" \/><\/figure><\/li><li class=\"wp-block-jetpack-slideshow_slide swiper-slide\"><figure><img data-recalc-dims=\"1\" loading=\"lazy\" decoding=\"async\" width=\"945\" height=\"629\" alt=\"\" class=\"wp-block-jetpack-slideshow_image wp-image-3178\" data-id=\"3178\" src=\"https:\/\/i0.wp.com\/fondazione.cc\/fcc\/wp-content\/uploads\/2024\/11\/2024_07_29_MarieLosier_ResidencePicardeau-18-4.jpg?resize=945%2C629&#038;ssl=1\" srcset=\"https:\/\/i0.wp.com\/fondazione.cc\/fcc\/wp-content\/uploads\/2024\/11\/2024_07_29_MarieLosier_ResidencePicardeau-18-4.jpg?w=945&amp;ssl=1 945w, https:\/\/i0.wp.com\/fondazione.cc\/fcc\/wp-content\/uploads\/2024\/11\/2024_07_29_MarieLosier_ResidencePicardeau-18-4.jpg?resize=300%2C200&amp;ssl=1 300w, https:\/\/i0.wp.com\/fondazione.cc\/fcc\/wp-content\/uploads\/2024\/11\/2024_07_29_MarieLosier_ResidencePicardeau-18-4.jpg?resize=768%2C511&amp;ssl=1 768w\" sizes=\"(max-width: 945px) 100vw, 945px\" \/><figcaption class=\"wp-block-jetpack-slideshow_caption gallery-caption\">Making-off, photography by Antoine Mermet \/Hans Lucas, 2024<\/figcaption><\/figure><\/li><li class=\"wp-block-jetpack-slideshow_slide swiper-slide\"><figure><img data-recalc-dims=\"1\" loading=\"lazy\" decoding=\"async\" width=\"1720\" height=\"1152\" alt=\"\" class=\"wp-block-jetpack-slideshow_image wp-image-3182\" data-id=\"3182\" src=\"https:\/\/i0.wp.com\/fondazione.cc\/fcc\/wp-content\/uploads\/2024\/11\/2494-21a_web.jpg?resize=1720%2C1152&#038;ssl=1\" srcset=\"https:\/\/i0.wp.com\/fondazione.cc\/fcc\/wp-content\/uploads\/2024\/11\/2494-21a_web.jpg?w=1720&amp;ssl=1 1720w, https:\/\/i0.wp.com\/fondazione.cc\/fcc\/wp-content\/uploads\/2024\/11\/2494-21a_web.jpg?resize=300%2C201&amp;ssl=1 300w, https:\/\/i0.wp.com\/fondazione.cc\/fcc\/wp-content\/uploads\/2024\/11\/2494-21a_web.jpg?resize=1024%2C686&amp;ssl=1 1024w, https:\/\/i0.wp.com\/fondazione.cc\/fcc\/wp-content\/uploads\/2024\/11\/2494-21a_web.jpg?resize=768%2C514&amp;ssl=1 768w, https:\/\/i0.wp.com\/fondazione.cc\/fcc\/wp-content\/uploads\/2024\/11\/2494-21a_web.jpg?resize=1536%2C1029&amp;ssl=1 1536w\" sizes=\"(max-width: 1000px) 100vw, 1000px\" \/><figcaption class=\"wp-block-jetpack-slideshow_caption gallery-caption\">Simon Fravega &amp; Marie Losier, par Perrine Gamot, 2024<\/figcaption><\/figure><\/li><\/ul><a class=\"wp-block-jetpack-slideshow_button-prev swiper-button-prev swiper-button-white\" role=\"button\"><\/a><a class=\"wp-block-jetpack-slideshow_button-next swiper-button-next swiper-button-white\" role=\"button\"><\/a><a aria-label=\"Pause Slideshow\" class=\"wp-block-jetpack-slideshow_button-pause\" role=\"button\"><\/a><div class=\"wp-block-jetpack-slideshow_pagination swiper-pagination swiper-pagination-white\"><\/div><\/div><\/div>\n\n\n\n<h1 class=\"wp-block-heading fixed-post-title\"><\/h1>\n<\/div>\n\n\n\n<p><\/p>\n","protected":false},"excerpt":{"rendered":"<p>In Situ, accompagne la production d\u2019une oeuvre. Marie Losier La Fondazione Claudia Cardinale a invit\u00e9 l&rsquo;artiste et r\u00e9alisatrice inclassable Marie Losier pour une r\u00e9sidence de production \u00e0 l&rsquo;\u00e9t\u00e9 2024. Lors de son s\u00e9jour au Picardeau, avec son compagnon et performeur Simon Fravega, Marie Losier poursuit son travail de portraitiste, invitant amis, famille et idoles dans [&hellip;]<\/p>\n","protected":false},"author":2,"featured_media":0,"parent":0,"menu_order":0,"comment_status":"closed","ping_status":"closed","template":"","meta":{"give_campaign_id":0,"footnotes":""},"class_list":["post-3277","page","type-page","status-publish","hentry"],"campaignId":"","featured_image_src":"","featured_image_src_square":false,"rbea_author_info":{"display_name":"Perrine Gamot","author_link":"https:\/\/fondazione.cc\/fr\/author\/perrine_gamot\/"},"rbea_excerpt_info":"In Situ, accompagne la production d\u2019une oeuvre. Marie Losier La Fondazione Claudia Cardinale a invit\u00e9 l&rsquo;artiste et r\u00e9alisatrice inclassable Marie Losier pour une r\u00e9sidence de production \u00e0 l&rsquo;\u00e9t\u00e9 2024. Lors de son s\u00e9jour au Picardeau, avec son compagnon et performeur Simon Fravega, Marie Losier poursuit son travail de portraitiste, invitant amis, famille et idoles dans [&hellip;]","jetpack_sharing_enabled":true,"_links":{"self":[{"href":"https:\/\/fondazione.cc\/fr\/wp-json\/wp\/v2\/pages\/3277","targetHints":{"allow":["GET"]}}],"collection":[{"href":"https:\/\/fondazione.cc\/fr\/wp-json\/wp\/v2\/pages"}],"about":[{"href":"https:\/\/fondazione.cc\/fr\/wp-json\/wp\/v2\/types\/page"}],"author":[{"embeddable":true,"href":"https:\/\/fondazione.cc\/fr\/wp-json\/wp\/v2\/users\/2"}],"replies":[{"embeddable":true,"href":"https:\/\/fondazione.cc\/fr\/wp-json\/wp\/v2\/comments?post=3277"}],"version-history":[{"count":4,"href":"https:\/\/fondazione.cc\/fr\/wp-json\/wp\/v2\/pages\/3277\/revisions"}],"predecessor-version":[{"id":4343,"href":"https:\/\/fondazione.cc\/fr\/wp-json\/wp\/v2\/pages\/3277\/revisions\/4343"}],"wp:attachment":[{"href":"https:\/\/fondazione.cc\/fr\/wp-json\/wp\/v2\/media?parent=3277"}],"curies":[{"name":"wp","href":"https:\/\/api.w.org\/{rel}","templated":true}]}}