{"id":2934,"date":"2023-06-20T07:16:22","date_gmt":"2023-06-20T06:16:22","guid":{"rendered":"https:\/\/fondazione.cc\/?page_id=2934"},"modified":"2025-09-25T14:36:42","modified_gmt":"2025-09-25T13:36:42","slug":"support","status":"publish","type":"page","link":"https:\/\/fondazione.cc\/fr\/support\/","title":{"rendered":"Soutenir"},"content":{"rendered":"\n<div class=\"wp-block-columns is-layout-flex wp-container-core-columns-is-layout-5bcd46e1 wp-block-columns-is-layout-flex\" style=\"padding-top:0vh\">\n<div class=\"wp-block-column is-layout-flow wp-block-column-is-layout-flow\" style=\"flex-basis:60vw\">\n<p>Le Fonds de Dotation&nbsp;<em>Fondazione Claudia Cardinale<\/em>&nbsp;est un organisme \u00e0 but non lucratif portant des missions d&rsquo;int\u00e9r\u00eat g\u00e9n\u00e9ral dans le domaine de la culture. Son objectif est de contribuer aux enjeux soci\u00e9taux par la production, promotion et diffusion de l\u2019art avec une attention particuli\u00e8re aux femmes artistes et aux projets qui \u00e9veillent une conscience \u00e9cologique. Nous croyons que le point de vue des artistes sur notre monde est un vecteur puissant de changements.<\/p>\n\n\n\n<p>Les actions de la <em>Fondazione Claudia Cardinale<\/em> se d\u00e9roulent localement \u00e0 Nemours et en Seine-et-Marne, ainsi qu&rsquo;\u00e0 l&rsquo;international.<\/p>\n\n\n\n<p>En tant qu&rsquo;organisation \u00e0 but non lucratif, nous avons besoin de votre soutien pour d\u00e9velopper notre mission. Les dotations ouvrent droit \u00e0 une r\u00e9duction d&rsquo;imp\u00f4t sur le revenu \u00e9gale \u00e0 66 % du montant des dons, 60% pour les entreprises, dans la limite de 20 % du revenu imposable.<\/p>\n\n\n\n<p>Pour toute id\u00e9e de collaboration et partenariats, n&rsquo;h\u00e9sitez pas \u00e0 nous \u00e9crire.&nbsp;<\/p>\n\n\n\n<p>Bien \u00e0 vous,<\/p>\n\n\n\n<figure class=\"wp-block-image alignleft size-full\"><img data-recalc-dims=\"1\" loading=\"lazy\" decoding=\"async\" width=\"337\" height=\"119\" src=\"https:\/\/i0.wp.com\/fondazione.cc\/fcc\/wp-content\/uploads\/2023\/06\/unnamed.jpg?resize=337%2C119&#038;ssl=1\" alt=\"\" class=\"wp-image-986\" srcset=\"https:\/\/i0.wp.com\/fondazione.cc\/fcc\/wp-content\/uploads\/2023\/06\/unnamed.jpg?w=337&amp;ssl=1 337w, https:\/\/i0.wp.com\/fondazione.cc\/fcc\/wp-content\/uploads\/2023\/06\/unnamed.jpg?resize=300%2C106&amp;ssl=1 300w\" sizes=\"auto, (max-width: 337px) 100vw, 337px\" \/><\/figure>\n\n\n\n<div class=\"wp-block-group is-layout-flow wp-block-group-is-layout-flow\" style=\"padding-top:14vh\"><\/div>\n<\/div>\n\n\n\n<div class=\"wp-block-column is-layout-flow wp-block-column-is-layout-flow\" style=\"flex-basis:50%\"><div class=\"give-embed-form-wrapper\" id=\"give-69d4fafd2bdce\"><iframe\n\t\t\t\tname=\"give-embed-form\"\n\t\t\t\tsrc=\"https:\/\/fondazione.cc\/fr\/give\/donation-form\/?giveDonationFormInIframe=1\"\n\t\t\t\t\n\t\t\t\tdata-autoScroll=\"0\"\n\t\t\t\tonload=\"if( 'undefined' !== typeof Give ) { Give.initializeIframeResize(this) }\"\n\t\t\t\tstyle=\"border: 0;visibility: hidden;min-height: 645px;\"><\/iframe><div class=\"iframe-loader\">\n<div style=\"\n\t\theight: calc(100% - 28px);\n\t\twidth: calc(100% - 20px);\n\t\tmax-width: 552px;\n\t\tmargin: 10px auto 10px auto;\n\t\tbackground: transparent;\n\t\tborder-radius: 6px;\n\t\tdisplay: flex;\n\t\talign-items: center;\n\t\tjustify-content: center;\n\t\">\n    <div style=\"\n        pointer-events: none;\n        height: 90px;\n        width: 90px;\n        background-image: url(&quot;data:image\/svg+xml;charset=utf8,%3C?xml version='1.0' encoding='utf-8'?%3E%3C!-- Generator: Adobe Illustrator 24.1.0, SVG Export Plug-In . SVG Version: 6.00 Build 0) --%3E%3Csvg version='1.1' id='Layer_1' xmlns='http:\/\/www.w3.org\/2000\/svg' xmlns:xlink='http:\/\/www.w3.org\/1999\/xlink' x='0px' y='0px' viewBox='0 0 349 348' style='enable-background:new 0 0 349 348;' xml:space='preserve'%3E%3Cstyle type='text\/css'%3E .st0{fill:%23000000;} %3C\/style%3E%3Cpath class='st0' d='M25.1,204.57c-13.38,0-24.47-10.6-24.97-24.08C0.04,178.09,0,175.97,0,174C0,77.78,78.28-0.5,174.5-0.5 c13.81,0,25,11.19,25,25s-11.19,25-25,25C105.85,49.5,50,105.35,50,174c0,1.37,0.03,2.85,0.1,4.65c0.51,13.8-10.27,25.39-24.07,25.9 C25.72,204.56,25.41,204.57,25.1,204.57z'\/%3E%3Cpath class='st0' d='M174.5,348.5c-13.81,0-25-11.19-25-25c0-13.81,11.19-25,25-25c68.65,0,124.5-55.85,124.5-124.5 c0-1.38-0.03-2.85-0.1-4.65c-0.51-13.8,10.26-25.4,24.06-25.91c13.83-0.53,25.4,10.26,25.91,24.06c0.09,2.39,0.13,4.51,0.13,6.49 C349,270.22,270.72,348.5,174.5,348.5z'\/%3E%3C\/svg%3E&quot;);\n        animation: spin 0.6s linear infinite;\n        \"><\/div>\n<\/div>\n<\/div><\/div><\/div>\n<\/div>\n\n\n\n<h1 class=\"wp-block-heading fixed-post-title\" id=\"fixed-post-title\">Soutenir<\/h1>\n\n\n\n<p><\/p>\n","protected":false},"excerpt":{"rendered":"<p>Le Fonds de Dotation&nbsp;Fondazione Claudia Cardinale&nbsp;est un organisme \u00e0 but non lucratif portant des missions d&rsquo;int\u00e9r\u00eat g\u00e9n\u00e9ral dans le domaine de la culture. Son objectif est de contribuer aux enjeux soci\u00e9taux par la production, promotion et diffusion de l\u2019art avec une attention particuli\u00e8re aux femmes artistes et aux projets qui \u00e9veillent une conscience \u00e9cologique. Nous [&hellip;]<\/p>\n","protected":false},"author":1,"featured_media":0,"parent":0,"menu_order":0,"comment_status":"closed","ping_status":"closed","template":"","meta":{"give_campaign_id":0,"footnotes":""},"class_list":["post-2934","page","type-page","status-publish","hentry"],"campaignId":"","featured_image_src":"","featured_image_src_square":false,"rbea_author_info":{"display_name":"kasper_admin","author_link":"https:\/\/fondazione.cc\/fr\/author\/kasper_admin\/"},"rbea_excerpt_info":"Le Fonds de Dotation&nbsp;Fondazione Claudia Cardinale&nbsp;est un organisme \u00e0 but non lucratif portant des missions d&rsquo;int\u00e9r\u00eat g\u00e9n\u00e9ral dans le domaine de la culture. Son objectif est de contribuer aux enjeux soci\u00e9taux par la production, promotion et diffusion de l\u2019art avec une attention particuli\u00e8re aux femmes artistes et aux projets qui \u00e9veillent une conscience \u00e9cologique. Nous [&hellip;]","jetpack_sharing_enabled":true,"_links":{"self":[{"href":"https:\/\/fondazione.cc\/fr\/wp-json\/wp\/v2\/pages\/2934","targetHints":{"allow":["GET"]}}],"collection":[{"href":"https:\/\/fondazione.cc\/fr\/wp-json\/wp\/v2\/pages"}],"about":[{"href":"https:\/\/fondazione.cc\/fr\/wp-json\/wp\/v2\/types\/page"}],"author":[{"embeddable":true,"href":"https:\/\/fondazione.cc\/fr\/wp-json\/wp\/v2\/users\/1"}],"replies":[{"embeddable":true,"href":"https:\/\/fondazione.cc\/fr\/wp-json\/wp\/v2\/comments?post=2934"}],"version-history":[{"count":5,"href":"https:\/\/fondazione.cc\/fr\/wp-json\/wp\/v2\/pages\/2934\/revisions"}],"predecessor-version":[{"id":4692,"href":"https:\/\/fondazione.cc\/fr\/wp-json\/wp\/v2\/pages\/2934\/revisions\/4692"}],"wp:attachment":[{"href":"https:\/\/fondazione.cc\/fr\/wp-json\/wp\/v2\/media?parent=2934"}],"curies":[{"name":"wp","href":"https:\/\/api.w.org\/{rel}","templated":true}]}}