{"id":2916,"date":"2024-11-08T11:34:31","date_gmt":"2024-11-08T10:34:31","guid":{"rendered":"https:\/\/fondazione.cc\/?page_id=2916"},"modified":"2025-07-25T17:22:37","modified_gmt":"2025-07-25T16:22:37","slug":"le-picardeau","status":"publish","type":"page","link":"https:\/\/fondazione.cc\/fr\/le-picardeau\/","title":{"rendered":"Le Picardeau"},"content":{"rendered":"\n<div class=\"wp-block-group is-layout-flow wp-block-group-is-layout-flow\">\n<div class=\"wp-block-media-text alignfull is-stacked-on-mobile\"><figure class=\"wp-block-media-text__media\"><img data-recalc-dims=\"1\" loading=\"lazy\" decoding=\"async\" width=\"768\" height=\"1024\" src=\"https:\/\/i0.wp.com\/fondazione.cc\/fcc\/wp-content\/uploads\/2023\/06\/IMG20230617153557.jpg?resize=768%2C1024&#038;ssl=1\" alt=\"\" class=\"wp-image-778 size-full\" srcset=\"https:\/\/i0.wp.com\/fondazione.cc\/fcc\/wp-content\/uploads\/2023\/06\/IMG20230617153557.jpg?resize=768%2C1024&amp;ssl=1 768w, https:\/\/i0.wp.com\/fondazione.cc\/fcc\/wp-content\/uploads\/2023\/06\/IMG20230617153557.jpg?resize=225%2C300&amp;ssl=1 225w, https:\/\/i0.wp.com\/fondazione.cc\/fcc\/wp-content\/uploads\/2023\/06\/IMG20230617153557.jpg?resize=1152%2C1536&amp;ssl=1 1152w, https:\/\/i0.wp.com\/fondazione.cc\/fcc\/wp-content\/uploads\/2023\/06\/IMG20230617153557.jpg?w=1200&amp;ssl=1 1200w\" sizes=\"auto, (max-width: 768px) 100vw, 768px\" \/><\/figure><div class=\"wp-block-media-text__content\">\n<h2 class=\"wp-block-heading\">H\u00e9ritage artistique<\/h2>\n\n\n\n<p>La&nbsp;<em>Fondazione<\/em>&nbsp;s&rsquo;est install\u00e9e \u00e0 une heure de Paris, pr\u00e8s de la for\u00eat de Fontainebleau, dans l&rsquo;ancienne tannerie du&nbsp;<em>Picardeau<\/em>, au bord du Loing. Ce paysage cisel\u00e9 par l&rsquo;eau a inspir\u00e9 des peintres tels que C\u00e9zanne, Sisley ou Monet. Plus tard, le cin\u00e9ma immortalisera ces paysages avec le chef-d&rsquo;\u0153uvre de Jean Renoir, &nbsp;<em>Partie de campagne<\/em>. Dans la lanc\u00e9e du peintre Th\u00e9odore Rousseau, les artistes de l&rsquo;\u00e9cole de Barbizon ont fait entendre leur voix pour exprimer la n\u00e9cessit\u00e9 collective de d\u00e9fendre la for\u00eat comme lieu de contemplation contre l\u2019exploitation. Leurs efforts ont abouti \u00e0 la cr\u00e9ation d&rsquo;une \u00ab r\u00e9serve artistique \u00bb faisant de la for\u00eat de Fontainebleau le premier site de l&rsquo;histoire \u00e0 \u00eatre prot\u00e9g\u00e9 par la loi, avant le parc national de Yellowstone en 1872. Des personnalit\u00e9s tels que Georges Sand et Victor Hugo se sont joints \u00e0 leur bataille pour souligner la n\u00e9cessit\u00e9 d&rsquo;appr\u00e9cier et de prot\u00e9ger la for\u00eat et l&rsquo;environnement.<\/p>\n\n\n\n<p>C&rsquo;est dans le contexte culturel et territorial que la&nbsp;<em>Fondazione<\/em>&nbsp;puise l&rsquo;inspiration et la force de ses actions.<\/p>\n\n\n\n<p><\/p>\n\n\n\n<h2 class=\"wp-block-heading\">Port vivant<\/h2>\n\n\n\n<p><em>Le Picardeau<\/em>&nbsp;est situ\u00e9 en plein centre de Nemours \u00e0 proximit\u00e9 de son ch\u00e2teau, \u00e0 cinq minutes \u00e0 pied de la gare qui relie la ville \u00e0 Paris et Fontainebleau. La propri\u00e9t\u00e9 abrite quatre g\u00eetes et un bar-restaurant donnant sur le d\u00e9versoir de l&rsquo;ancien moulin. Les espaces du&nbsp;<em>Picardeau<\/em>&nbsp;sont propos\u00e9s aux artistes en r\u00e9sidence et accueillent le public lors de divers \u00e9v\u00e9nements dans ce lieu vivant et cr\u00e9atif. En invitant des artistes dans ce d\u00e9cor si particulier, la&nbsp;<em>Fondazione<\/em>&nbsp;souhaite leur offrir un cadre inspirant \u00e0 deux pas de la capitale.<\/p>\n\n\n\n<p><a href=\"https:\/\/lepicardeau.com\/\">Le Picardeau, bar et cucina<\/a><\/p>\n<\/div><\/div>\n<\/div>\n\n\n<h1 class=\"fixed-post-title-left wp-block-post-title\">Le Picardeau<\/h1>\n\n\n<p><\/p>\n","protected":false},"excerpt":{"rendered":"<p>H\u00e9ritage artistique La&nbsp;Fondazione&nbsp;s&rsquo;est install\u00e9e \u00e0 une heure de Paris, pr\u00e8s de la for\u00eat de Fontainebleau, dans l&rsquo;ancienne tannerie du&nbsp;Picardeau, au bord du Loing. Ce paysage cisel\u00e9 par l&rsquo;eau a inspir\u00e9 des peintres tels que C\u00e9zanne, Sisley ou Monet. Plus tard, le cin\u00e9ma immortalisera ces paysages avec le chef-d&rsquo;\u0153uvre de Jean Renoir, &nbsp;Partie de campagne. Dans [&hellip;]<\/p>\n","protected":false},"author":1,"featured_media":0,"parent":0,"menu_order":0,"comment_status":"closed","ping_status":"closed","template":"","meta":{"give_campaign_id":0,"footnotes":""},"class_list":["post-2916","page","type-page","status-publish","hentry"],"campaignId":"","featured_image_src":"","featured_image_src_square":false,"rbea_author_info":{"display_name":"kasper_admin","author_link":"https:\/\/fondazione.cc\/fr\/author\/kasper_admin\/"},"rbea_excerpt_info":"H\u00e9ritage artistique La&nbsp;Fondazione&nbsp;s&rsquo;est install\u00e9e \u00e0 une heure de Paris, pr\u00e8s de la for\u00eat de Fontainebleau, dans l&rsquo;ancienne tannerie du&nbsp;Picardeau, au bord du Loing. Ce paysage cisel\u00e9 par l&rsquo;eau a inspir\u00e9 des peintres tels que C\u00e9zanne, Sisley ou Monet. Plus tard, le cin\u00e9ma immortalisera ces paysages avec le chef-d&rsquo;\u0153uvre de Jean Renoir, &nbsp;Partie de campagne. Dans [&hellip;]","jetpack_sharing_enabled":true,"_links":{"self":[{"href":"https:\/\/fondazione.cc\/fr\/wp-json\/wp\/v2\/pages\/2916","targetHints":{"allow":["GET"]}}],"collection":[{"href":"https:\/\/fondazione.cc\/fr\/wp-json\/wp\/v2\/pages"}],"about":[{"href":"https:\/\/fondazione.cc\/fr\/wp-json\/wp\/v2\/types\/page"}],"author":[{"embeddable":true,"href":"https:\/\/fondazione.cc\/fr\/wp-json\/wp\/v2\/users\/1"}],"replies":[{"embeddable":true,"href":"https:\/\/fondazione.cc\/fr\/wp-json\/wp\/v2\/comments?post=2916"}],"version-history":[{"count":2,"href":"https:\/\/fondazione.cc\/fr\/wp-json\/wp\/v2\/pages\/2916\/revisions"}],"predecessor-version":[{"id":4321,"href":"https:\/\/fondazione.cc\/fr\/wp-json\/wp\/v2\/pages\/2916\/revisions\/4321"}],"wp:attachment":[{"href":"https:\/\/fondazione.cc\/fr\/wp-json\/wp\/v2\/media?parent=2916"}],"curies":[{"name":"wp","href":"https:\/\/api.w.org\/{rel}","templated":true}]}}