{"id":2913,"date":"2024-11-08T11:31:15","date_gmt":"2024-11-08T10:31:15","guid":{"rendered":"https:\/\/fondazione.cc\/?page_id=2913"},"modified":"2025-12-07T21:40:31","modified_gmt":"2025-12-07T20:40:31","slug":"contact","status":"publish","type":"page","link":"https:\/\/fondazione.cc\/fr\/contact\/","title":{"rendered":"Contact"},"content":{"rendered":"\n<div class=\"wp-block-group is-layout-constrained wp-block-group-is-layout-constrained\" style=\"padding-top:0vh\">\n<div class=\"wp-block-columns is-layout-flex wp-container-core-columns-is-layout-28f84493 wp-block-columns-is-layout-flex\">\n<div class=\"wp-block-column is-layout-flow wp-block-column-is-layout-flow\" style=\"padding-top:var(--wp--preset--spacing--70);padding-right:var(--wp--preset--spacing--70);padding-bottom:var(--wp--preset--spacing--70);padding-left:var(--wp--preset--spacing--70);flex-basis:40%\">\n<h2 class=\"wp-block-heading\" style=\"font-style:normal;font-weight:200\"><a href=\"https:\/\/eepurl.com\/itMpKQ\">Abonnez-vous \u00e0 notre newsletter ici.<\/a><\/h2>\n\n\n\n<h2 class=\"wp-block-heading\"><a href=\"mailto:info@fondazione.cc\">Envoyez-nous un courriel ici.<\/a><\/h2>\n<\/div>\n\n\n\n<div class=\"wp-block-column is-layout-flow wp-block-column-is-layout-flow\" style=\"padding-top:var(--wp--preset--spacing--70);padding-right:var(--wp--preset--spacing--70);padding-bottom:var(--wp--preset--spacing--70);padding-left:var(--wp--preset--spacing--70);flex-basis:50%\">\n<h2 class=\"wp-block-heading has-text-align-left\" style=\"font-style:normal;font-weight:200\">Suivez-nous sur Instagram <a href=\"https:\/\/www.instagram.com\/fondazione.cc\">cliquez ici <\/a>ou scannez avec votre t\u00e9l\u00e9phone\u00a0:<\/h2>\n\n\n\n<p><img decoding=\"async\" style=\"width: 233px;\" src=\"https:\/\/lh7-us.googleusercontent.com\/wD0Xb_QsP1HipbUbBCcPf19Zf54iaodapasMTHx-zk2RH_fySdzFKMqvSzDRhT8f3g8lEYLsVEJiFToVrWrgkKf3PpMDUS5p3Grk-P8wgPQALA_1HPpYknocIZKib-o-K8LpMei6Lm2aWsn1tjg3hA\"><\/p>\n<\/div>\n<\/div>\n<\/div>\n\n\n<h1 class=\"has-text-align-right fixed-post-title wp-block-post-title\">Contact<\/h1>\n\n\n<p><\/p>\n","protected":false},"excerpt":{"rendered":"<p>Abonnez-vous \u00e0 notre newsletter ici. Envoyez-nous un courriel ici. Suivez-nous sur Instagram cliquez ici ou scannez avec votre t\u00e9l\u00e9phone\u00a0:<\/p>\n","protected":false},"author":1,"featured_media":0,"parent":0,"menu_order":0,"comment_status":"closed","ping_status":"closed","template":"","meta":{"give_campaign_id":0,"footnotes":""},"class_list":["post-2913","page","type-page","status-publish","hentry"],"campaignId":"","featured_image_src":"","featured_image_src_square":false,"rbea_author_info":{"display_name":"kasper_admin","author_link":"https:\/\/fondazione.cc\/fr\/author\/kasper_admin\/"},"rbea_excerpt_info":"Abonnez-vous \u00e0 notre newsletter ici. Envoyez-nous un courriel ici. Suivez-nous sur Instagram cliquez ici ou scannez avec votre t\u00e9l\u00e9phone\u00a0:","jetpack_sharing_enabled":true,"_links":{"self":[{"href":"https:\/\/fondazione.cc\/fr\/wp-json\/wp\/v2\/pages\/2913","targetHints":{"allow":["GET"]}}],"collection":[{"href":"https:\/\/fondazione.cc\/fr\/wp-json\/wp\/v2\/pages"}],"about":[{"href":"https:\/\/fondazione.cc\/fr\/wp-json\/wp\/v2\/types\/page"}],"author":[{"embeddable":true,"href":"https:\/\/fondazione.cc\/fr\/wp-json\/wp\/v2\/users\/1"}],"replies":[{"embeddable":true,"href":"https:\/\/fondazione.cc\/fr\/wp-json\/wp\/v2\/comments?post=2913"}],"version-history":[{"count":3,"href":"https:\/\/fondazione.cc\/fr\/wp-json\/wp\/v2\/pages\/2913\/revisions"}],"predecessor-version":[{"id":5242,"href":"https:\/\/fondazione.cc\/fr\/wp-json\/wp\/v2\/pages\/2913\/revisions\/5242"}],"wp:attachment":[{"href":"https:\/\/fondazione.cc\/fr\/wp-json\/wp\/v2\/media?parent=2913"}],"curies":[{"name":"wp","href":"https:\/\/api.w.org\/{rel}","templated":true}]}}