{"id":2901,"date":"2024-11-08T11:21:33","date_gmt":"2024-11-08T10:21:33","guid":{"rendered":"https:\/\/fondazione.cc\/?page_id=2901"},"modified":"2026-02-13T16:26:38","modified_gmt":"2026-02-13T15:26:38","slug":"about","status":"publish","type":"page","link":"https:\/\/fondazione.cc\/fr\/about\/","title":{"rendered":"\u00c0 propos"},"content":{"rendered":"\n<div class=\"wp-block-group alignwide is-layout-constrained wp-container-core-group-is-layout-9387084c wp-block-group-is-layout-constrained\">\n<div class=\"wp-block-columns is-layout-flex wp-container-core-columns-is-layout-d7d455e7 wp-block-columns-is-layout-flex\" style=\"padding-top:0;padding-right:0;padding-bottom:0;padding-left:0\">\n<div class=\"wp-block-column is-layout-flow wp-block-column-is-layout-flow\" style=\"flex-basis:45%\">\n<div class=\"wp-block-group mobile-no-padding is-layout-constrained wp-block-group-is-layout-constrained\" style=\"padding-top:21vh\">\n<figure class=\"wp-block-image size-large is-resized\"><img data-recalc-dims=\"1\" loading=\"lazy\" decoding=\"async\" width=\"664\" height=\"1024\" src=\"https:\/\/i0.wp.com\/fondazione.cc\/fcc\/wp-content\/uploads\/2023\/01\/claudia1C-1.jpg?resize=664%2C1024&#038;ssl=1\" alt=\"\" class=\"wp-image-574\" style=\"width:498px\" srcset=\"https:\/\/i0.wp.com\/fondazione.cc\/fcc\/wp-content\/uploads\/2023\/01\/claudia1C-1-scaled.jpg?resize=664%2C1024&amp;ssl=1 664w, https:\/\/i0.wp.com\/fondazione.cc\/fcc\/wp-content\/uploads\/2023\/01\/claudia1C-1-scaled.jpg?resize=194%2C300&amp;ssl=1 194w, https:\/\/i0.wp.com\/fondazione.cc\/fcc\/wp-content\/uploads\/2023\/01\/claudia1C-1-scaled.jpg?resize=768%2C1185&amp;ssl=1 768w, https:\/\/i0.wp.com\/fondazione.cc\/fcc\/wp-content\/uploads\/2023\/01\/claudia1C-1-scaled.jpg?resize=996%2C1536&amp;ssl=1 996w, https:\/\/i0.wp.com\/fondazione.cc\/fcc\/wp-content\/uploads\/2023\/01\/claudia1C-1-scaled.jpg?resize=1328%2C2048&amp;ssl=1 1328w, https:\/\/i0.wp.com\/fondazione.cc\/fcc\/wp-content\/uploads\/2023\/01\/claudia1C-1-scaled.jpg?w=1660&amp;ssl=1 1660w\" sizes=\"auto, (max-width: 664px) 100vw, 664px\" \/><figcaption class=\"wp-element-caption\"><sub>\u00a9 Myriam Tirler<br><\/sub><br><br><br><\/figcaption><\/figure>\n<\/div>\n<\/div>\n\n\n\n<div class=\"wp-block-column is-layout-flow wp-block-column-is-layout-flow\" style=\"flex-basis:55%\">\n<p>La<em>\u00a0Fondazione Claudia Cardinale<\/em>\u00a0a \u00e9t\u00e9 fond\u00e9e par l&rsquo;actrice avec sa fille Claudia Squitieri. Tout au long de sa vie et aujourd&rsquo;hui encore Claudia Cardinale a repr\u00e9sent\u00e9 la culture, l&rsquo;art et une vie d&rsquo;engagement, notamment pour la d\u00e9fense des droits des femmes et de l&rsquo;environnement.\u00a0<\/p>\n\n\n\n<p>Son engagement est attest\u00e9 par sa nomination en tant qu&rsquo;Ambassadrice de Bonne Volont\u00e9 de&nbsp;<a href=\"https:\/\/en.unesco.org\/goodwill-ambassadors\/claudia-cardinale\">l&rsquo;UNESCO pour la D\u00e9fense des Droits des Femmes et des Jeunes filles<\/a>&nbsp;en mars 2000. Depuis 2007, elle est pr\u00e9sidente d&rsquo;honneur de&nbsp;<a href=\"https:\/\/greencross.it\/\">Green Cross Italie<\/a>, un r\u00f4le qui se d\u00e9ploie en 2012 pour soutenir le&nbsp;<a href=\"https:\/\/www.greendropaward.org\/\">Green Drop Award<\/a>&nbsp;d\u00e9cern\u00e9 chaque ann\u00e9e \u00e0 la Mostra du Cin\u00e9ma de Venise.<\/p>\n\n\n\n<p>Travailler avec des artistes visionnaires tels que Federico Fellini, Werner Herzog, Sergio Leone, Luchino Visconti \u2013 pour n&rsquo;en citer que quelques-uns \u2013 lui a montr\u00e9 le pouvoir de l&rsquo;art comme voie d\u2019ouverture et de compr\u00e9hension plus profonde de notre monde.<\/p>\n\n\n\n<p>La Fondazione est aujourd&rsquo;hui pr\u00e9sid\u00e9e par Claudia Squitieri accompagn\u00e9e par Perrine Gamot \u00e0 la direction artistique. Convaincues que l&rsquo;art et la cr\u00e9ation sont des ressources illimit\u00e9es pour renouveler l&rsquo;imaginaire sur les enjeux contemporains, elles d\u00e9veloppent des projets artistiques  interculturels qui s&rsquo;inscrivent dans le prolongement des engagements de vie de la femme et de l&rsquo;actrice.<\/p>\n\n\n\n<p>L\u2019association&nbsp;<em>Les Amis de la&nbsp;Fondazione Claudia Cardinale<\/em> \u0153uvre aux c\u00f4t\u00e9s de la&nbsp;Fondazione&nbsp;pour&nbsp;d\u00e9velopper&nbsp;des projets artistiques et culturels qui favorisent le lien social&nbsp;pour et&nbsp;avec les habitants du territoire de Nemours et du Sud Seine-et-Marne.<\/p>\n\n\n\n<figure class=\"wp-block-image aligncenter size-large is-resized\"><img data-recalc-dims=\"1\" loading=\"lazy\" decoding=\"async\" width=\"1024\" height=\"1024\" data-attachment-id=\"3127\" data-permalink=\"https:\/\/fondazione.cc\/fr\/about\/attachment\/2381-11-copy_clope-2\/\" data-orig-file=\"https:\/\/i0.wp.com\/fondazione.cc\/fcc\/wp-content\/uploads\/2024\/11\/2381-11-copy_clope-scaled.jpg?fit=2560%2C2560&amp;ssl=1\" data-orig-size=\"2560,2560\" data-comments-opened=\"1\" data-image-meta=\"{&quot;aperture&quot;:&quot;0&quot;,&quot;credit&quot;:&quot;&quot;,&quot;camera&quot;:&quot;SP-3000&quot;,&quot;caption&quot;:&quot;&quot;,&quot;created_timestamp&quot;:&quot;1722436080&quot;,&quot;copyright&quot;:&quot;&quot;,&quot;focal_length&quot;:&quot;0&quot;,&quot;iso&quot;:&quot;0&quot;,&quot;shutter_speed&quot;:&quot;0&quot;,&quot;title&quot;:&quot;&quot;,&quot;orientation&quot;:&quot;1&quot;}\" data-image-title=\"2381-11 copy_clope\" data-image-description=\"\" data-image-caption=\"&lt;p&gt;\u00a9 Marie Losier 2024&lt;\/p&gt;\n\" data-medium-file=\"https:\/\/i0.wp.com\/fondazione.cc\/fcc\/wp-content\/uploads\/2024\/11\/2381-11-copy_clope-scaled.jpg?fit=300%2C300&amp;ssl=1\" data-large-file=\"https:\/\/i0.wp.com\/fondazione.cc\/fcc\/wp-content\/uploads\/2024\/11\/2381-11-copy_clope-scaled.jpg?fit=1024%2C1024&amp;ssl=1\" src=\"https:\/\/i0.wp.com\/fondazione.cc\/fcc\/wp-content\/uploads\/2024\/11\/2381-11-copy_clope.jpg?resize=1024%2C1024&#038;ssl=1\" alt=\"\" class=\"wp-image-3127\" style=\"width:577px;height:auto\" srcset=\"https:\/\/i0.wp.com\/fondazione.cc\/fcc\/wp-content\/uploads\/2024\/11\/2381-11-copy_clope-scaled.jpg?resize=1024%2C1024&amp;ssl=1 1024w, https:\/\/i0.wp.com\/fondazione.cc\/fcc\/wp-content\/uploads\/2024\/11\/2381-11-copy_clope-scaled.jpg?resize=300%2C300&amp;ssl=1 300w, https:\/\/i0.wp.com\/fondazione.cc\/fcc\/wp-content\/uploads\/2024\/11\/2381-11-copy_clope-scaled.jpg?resize=150%2C150&amp;ssl=1 150w, https:\/\/i0.wp.com\/fondazione.cc\/fcc\/wp-content\/uploads\/2024\/11\/2381-11-copy_clope-scaled.jpg?resize=768%2C768&amp;ssl=1 768w, https:\/\/i0.wp.com\/fondazione.cc\/fcc\/wp-content\/uploads\/2024\/11\/2381-11-copy_clope-scaled.jpg?resize=1536%2C1536&amp;ssl=1 1536w, https:\/\/i0.wp.com\/fondazione.cc\/fcc\/wp-content\/uploads\/2024\/11\/2381-11-copy_clope-scaled.jpg?resize=2048%2C2048&amp;ssl=1 2048w, https:\/\/i0.wp.com\/fondazione.cc\/fcc\/wp-content\/uploads\/2024\/11\/2381-11-copy_clope-scaled.jpg?resize=50%2C50&amp;ssl=1 50w\" sizes=\"auto, (max-width: 1000px) 100vw, 1000px\" \/><\/figure>\n\n\n\n<p class=\"has-text-align-center\"><sup>Perrine Gamot, Claudia Squitieri et Claudia Cardinale par Marie Losier 2024<\/sup><\/p>\n\n\n\n<p><\/p>\n<\/div>\n<\/div>\n<\/div>\n\n\n\n<h1 class=\"wp-block-heading fixed-post-title\">\u00c0 PROPOS<\/h1>\n\n\n\n<p><\/p>\n","protected":false},"excerpt":{"rendered":"<p>La\u00a0Fondazione Claudia Cardinale\u00a0a \u00e9t\u00e9 fond\u00e9e par l&rsquo;actrice avec sa fille Claudia Squitieri. Tout au long de sa vie et aujourd&rsquo;hui encore Claudia Cardinale a repr\u00e9sent\u00e9 la culture, l&rsquo;art et une vie d&rsquo;engagement, notamment pour la d\u00e9fense des droits des femmes et de l&rsquo;environnement.\u00a0 Son engagement est attest\u00e9 par sa nomination en tant qu&rsquo;Ambassadrice de Bonne [&hellip;]<\/p>\n","protected":false},"author":1,"featured_media":0,"parent":0,"menu_order":0,"comment_status":"closed","ping_status":"closed","template":"","meta":{"give_campaign_id":0,"footnotes":""},"class_list":["post-2901","page","type-page","status-publish","hentry"],"campaignId":"","featured_image_src":"","featured_image_src_square":false,"rbea_author_info":{"display_name":"kasper_admin","author_link":"https:\/\/fondazione.cc\/fr\/author\/kasper_admin\/"},"rbea_excerpt_info":"La\u00a0Fondazione Claudia Cardinale\u00a0a \u00e9t\u00e9 fond\u00e9e par l&rsquo;actrice avec sa fille Claudia Squitieri. Tout au long de sa vie et aujourd&rsquo;hui encore Claudia Cardinale a repr\u00e9sent\u00e9 la culture, l&rsquo;art et une vie d&rsquo;engagement, notamment pour la d\u00e9fense des droits des femmes et de l&rsquo;environnement.\u00a0 Son engagement est attest\u00e9 par sa nomination en tant qu&rsquo;Ambassadrice de Bonne [&hellip;]","jetpack_sharing_enabled":true,"_links":{"self":[{"href":"https:\/\/fondazione.cc\/fr\/wp-json\/wp\/v2\/pages\/2901","targetHints":{"allow":["GET"]}}],"collection":[{"href":"https:\/\/fondazione.cc\/fr\/wp-json\/wp\/v2\/pages"}],"about":[{"href":"https:\/\/fondazione.cc\/fr\/wp-json\/wp\/v2\/types\/page"}],"author":[{"embeddable":true,"href":"https:\/\/fondazione.cc\/fr\/wp-json\/wp\/v2\/users\/1"}],"replies":[{"embeddable":true,"href":"https:\/\/fondazione.cc\/fr\/wp-json\/wp\/v2\/comments?post=2901"}],"version-history":[{"count":10,"href":"https:\/\/fondazione.cc\/fr\/wp-json\/wp\/v2\/pages\/2901\/revisions"}],"predecessor-version":[{"id":5427,"href":"https:\/\/fondazione.cc\/fr\/wp-json\/wp\/v2\/pages\/2901\/revisions\/5427"}],"wp:attachment":[{"href":"https:\/\/fondazione.cc\/fr\/wp-json\/wp\/v2\/media?parent=2901"}],"curies":[{"name":"wp","href":"https:\/\/api.w.org\/{rel}","templated":true}]}}